{"id":2919,"date":"2018-02-17T18:06:52","date_gmt":"2018-02-17T17:06:52","guid":{"rendered":"http:\/\/schulerothenfluh.ch\/cms\/?page_id=2919"},"modified":"2025-09-23T16:08:01","modified_gmt":"2025-09-23T14:08:01","slug":"leitbild","status":"publish","type":"page","link":"https:\/\/schulerothenfluh.ch\/cms\/leitbild\/","title":{"rendered":"Unsere Schule"},"content":{"rendered":"\t\t<div data-elementor-type=\"wp-post\" data-elementor-id=\"2919\" class=\"elementor elementor-2919\" data-elementor-post-type=\"page\">\n\t\t\t\t\t\t\t\t\t<section class=\"elementor-section elementor-top-section elementor-element elementor-element-6228e021 elementor-section-boxed elementor-section-height-default elementor-section-height-default\" data-id=\"6228e021\" data-element_type=\"section\" data-settings=\"{&quot;background_background&quot;:&quot;classic&quot;,&quot;shape_divider_bottom&quot;:&quot;curve&quot;,&quot;shape_divider_bottom_negative&quot;:&quot;yes&quot;}\">\n\t\t\t\t\t\t\t<div class=\"elementor-background-overlay\"><\/div>\n\t\t\t\t\t\t<div class=\"elementor-shape elementor-shape-bottom\" data-negative=\"true\">\n\t\t\t<svg xmlns=\"http:\/\/www.w3.org\/2000\/svg\" viewBox=\"0 0 1000 100\" preserveAspectRatio=\"none\">\n\t<path class=\"elementor-shape-fill\" d=\"M500,97C126.7,96.3,0.8,19.8,0,0v100l1000,0V1C1000,19.4,873.3,97.8,500,97z\"\/>\n<\/svg>\t\t<\/div>\n\t\t\t\t\t<div class=\"elementor-container elementor-column-gap-default\">\n\t\t\t\t\t<div class=\"elementor-column elementor-col-100 elementor-top-column elementor-element elementor-element-10e1b14d\" data-id=\"10e1b14d\" data-element_type=\"column\">\n\t\t\t<div class=\"elementor-widget-wrap elementor-element-populated\">\n\t\t\t\t\t\t\t\t<div class=\"elementor-element elementor-element-44016ee elementor-headline--style-highlight elementor-widget elementor-widget-animated-headline\" data-id=\"44016ee\" data-element_type=\"widget\" data-settings=\"{&quot;highlighted_text&quot;:&quot;Schule.&quot;,&quot;headline_style&quot;:&quot;highlight&quot;,&quot;marker&quot;:&quot;circle&quot;,&quot;loop&quot;:&quot;yes&quot;,&quot;highlight_animation_duration&quot;:1200,&quot;highlight_iteration_delay&quot;:8000}\" data-widget_type=\"animated-headline.default\">\n\t\t\t\t<div class=\"elementor-widget-container\">\n\t\t\t\t\t<h1 class=\"elementor-headline\">\n\t\t\t\t\t<span class=\"elementor-headline-plain-text elementor-headline-text-wrapper\">Unsere<\/span>\n\t\t\t\t<span class=\"elementor-headline-dynamic-wrapper elementor-headline-text-wrapper\">\n\t\t\t\t\t<span class=\"elementor-headline-dynamic-text elementor-headline-text-active\">Schule.<\/span>\n\t\t\t\t<\/span>\n\t\t\t\t<\/h1>\n\t\t\t\t<\/div>\n\t\t\t\t<\/div>\n\t\t\t\t\t<\/div>\n\t\t<\/div>\n\t\t\t\t\t\t\t<\/div>\n\t\t<\/section>\n\t\t\t\t<section class=\"elementor-section elementor-top-section elementor-element elementor-element-62feb5a0 elementor-section-boxed elementor-section-height-default elementor-section-height-default\" data-id=\"62feb5a0\" data-element_type=\"section\">\n\t\t\t\t\t\t<div class=\"elementor-container elementor-column-gap-default\">\n\t\t\t\t\t<div class=\"elementor-column elementor-col-100 elementor-top-column elementor-element elementor-element-39f1c0ca\" data-id=\"39f1c0ca\" data-element_type=\"column\" data-settings=\"{&quot;background_background&quot;:&quot;classic&quot;}\">\n\t\t\t<div class=\"elementor-widget-wrap elementor-element-populated\">\n\t\t\t\t\t\t\t\t<div class=\"elementor-element elementor-element-302303e elementor-widget elementor-widget-image\" data-id=\"302303e\" data-element_type=\"widget\" data-widget_type=\"image.default\">\n\t\t\t\t<div class=\"elementor-widget-container\">\n\t\t\t\t\t\t\t\t\t\t\t\t\t\t\t<img loading=\"lazy\" decoding=\"async\" width=\"1600\" height=\"812\" src=\"https:\/\/schulerothenfluh.ch\/cms\/wp-content\/uploads\/2018\/02\/Rothenfluh.jpg\" class=\"attachment-full size-full wp-image-3002\" alt=\"Rothenfluh\" srcset=\"https:\/\/schulerothenfluh.ch\/cms\/wp-content\/uploads\/2018\/02\/Rothenfluh.jpg 1600w, https:\/\/schulerothenfluh.ch\/cms\/wp-content\/uploads\/2018\/02\/Rothenfluh-300x152.jpg 300w, https:\/\/schulerothenfluh.ch\/cms\/wp-content\/uploads\/2018\/02\/Rothenfluh-768x390.jpg 768w, https:\/\/schulerothenfluh.ch\/cms\/wp-content\/uploads\/2018\/02\/Rothenfluh-1024x520.jpg 1024w\" sizes=\"auto, (max-width: 1600px) 100vw, 1600px\" \/>\t\t\t\t\t\t\t\t\t\t\t\t\t\t\t<\/div>\n\t\t\t\t<\/div>\n\t\t\t\t<div class=\"elementor-element elementor-element-a5129a5 elementor-widget elementor-widget-text-editor\" data-id=\"a5129a5\" data-element_type=\"widget\" data-widget_type=\"text-editor.default\">\n\t\t\t\t<div class=\"elementor-widget-container\">\n\t\t\t\t\t\t\t<div class=\"graphic_textbox_layout_style_default\">\n<p class=\"paragraph_style_3\"><strong>Die Schule Rothenfluh befindet sich am Rand der Gemeinde, eingebettet zwischen Dorf und freier Natur. Im alten Schulhaus sind der Kindergarten, die Unterstufe der Primarschule, die Bibliothek und der Gemeindesaal untergebracht. In einem zweiten Geb\u00e4ude, vis-\u00e0-vis des Schulhauses, wird die Mittelstufe unterrichtet.<\/strong><\/p>\n<p class=\"paragraph_style_3\">An der Schule werden aktuell vier Klassen gef\u00fchrt: eine Kindergartenklasse, eine Unterstufenklasse (1. und 2. Klasse) und zwei Mittelstufenklassen (3.\/4. und 5.\/6. Klasse). Mit Massnahmen der Speziellen F\u00f6rderung&nbsp; wird allen Kindern mit F\u00f6rderbedarf der Schulbesuch in einer Regelklasse in Rothenfluh erm\u00f6glicht. Die Unterstufenklasse wird als Klasse mit erweitertem Musikunterricht gef\u00fchrt. Zum Musikklassenprojekt geh\u00f6rt auch der w\u00f6chentlich stattfindende Schulchor, der im ersten und zweiten Zyklus gef\u00fchrt wird. Bei Auff\u00fchrungen musizieren und singen Kinder vom Kindergarten bis zur 6. Klasse und ihre Lehrpersonen gemeinsam.<\/p>\n<p class=\"paragraph_style_3\">Im Schnitt besuchen 60\u201370 Kinder die Schule Rothenfluh. Sie werden von 8 Lehrpersonen unterrichtet. Ebenfalls im Team arbeiten eine Heilp\u00e4dagogin und die Religionslehrerin. Im Besonderen sch\u00e4tzen wir auch die Arbeit unserer Hauswartinnen, der Gemeindearbeiter und unsere Schulsekret\u00e4rin.<\/p>\n<p class=\"paragraph_style_3\">Die Schule im Dorf&nbsp; wird von der Bev\u00f6lkerung als wichtig und wertvoll wahrgenommen. Regelm\u00e4ssig engagieren wir uns in der Gemeinde bei Anl\u00e4ssen oder anderen Aufgaben. Umgekehrt sind unsere T\u00fcren jederzeit offen und wir freuen uns \u00fcber Besucher und Besucherinnen.<\/p>\n<\/div>\t\t\t\t\t\t<\/div>\n\t\t\t\t<\/div>\n\t\t\t\t\t<\/div>\n\t\t<\/div>\n\t\t\t\t\t\t\t<\/div>\n\t\t<\/section>\n\t\t\t\t\t\t\t<\/div>\n\t\t","protected":false},"excerpt":{"rendered":"<p>Unsere Schule. Die Schule Rothenfluh befindet sich am Rand der Gemeinde, eingebettet zwischen Dorf und freier Natur. Im alten Schulhaus sind der Kindergarten, die Unterstufe der Primarschule, die Bibliothek und der Gemeindesaal untergebracht. In einem zweiten Geb\u00e4ude, vis-\u00e0-vis des Schulhauses, wird die Mittelstufe unterrichtet. An der Schule werden aktuell vier Klassen gef\u00fchrt: eine Kindergartenklasse, eine [&hellip;]<\/p>\n","protected":false},"author":1,"featured_media":0,"parent":0,"menu_order":1,"comment_status":"closed","ping_status":"closed","template":"","meta":{"footnotes":""},"class_list":["post-2919","page","type-page","status-publish","hentry","entry"],"_links":{"self":[{"href":"https:\/\/schulerothenfluh.ch\/cms\/wp-json\/wp\/v2\/pages\/2919","targetHints":{"allow":["GET"]}}],"collection":[{"href":"https:\/\/schulerothenfluh.ch\/cms\/wp-json\/wp\/v2\/pages"}],"about":[{"href":"https:\/\/schulerothenfluh.ch\/cms\/wp-json\/wp\/v2\/types\/page"}],"author":[{"embeddable":true,"href":"https:\/\/schulerothenfluh.ch\/cms\/wp-json\/wp\/v2\/users\/1"}],"replies":[{"embeddable":true,"href":"https:\/\/schulerothenfluh.ch\/cms\/wp-json\/wp\/v2\/comments?post=2919"}],"version-history":[{"count":31,"href":"https:\/\/schulerothenfluh.ch\/cms\/wp-json\/wp\/v2\/pages\/2919\/revisions"}],"predecessor-version":[{"id":6108,"href":"https:\/\/schulerothenfluh.ch\/cms\/wp-json\/wp\/v2\/pages\/2919\/revisions\/6108"}],"wp:attachment":[{"href":"https:\/\/schulerothenfluh.ch\/cms\/wp-json\/wp\/v2\/media?parent=2919"}],"curies":[{"name":"wp","href":"https:\/\/api.w.org\/{rel}","templated":true}]}}