{"id":2980,"date":"2018-02-17T20:30:04","date_gmt":"2018-02-17T19:30:04","guid":{"rendered":"http:\/\/schulerothenfluh.ch\/cms\/?page_id=2980"},"modified":"2026-01-15T11:24:46","modified_gmt":"2026-01-15T10:24:46","slug":"downloads","status":"publish","type":"page","link":"https:\/\/schulerothenfluh.ch\/cms\/downloads\/","title":{"rendered":"Downloads"},"content":{"rendered":"\t\t<div data-elementor-type=\"wp-post\" data-elementor-id=\"2980\" class=\"elementor elementor-2980\" data-elementor-post-type=\"page\">\n\t\t\t\t\t\t\t\t\t<section class=\"elementor-section elementor-top-section elementor-element elementor-element-48218b6a elementor-section-boxed elementor-section-height-default elementor-section-height-default\" data-id=\"48218b6a\" data-element_type=\"section\" data-settings=\"{&quot;background_background&quot;:&quot;classic&quot;,&quot;shape_divider_bottom&quot;:&quot;curve&quot;,&quot;shape_divider_bottom_negative&quot;:&quot;yes&quot;}\">\n\t\t\t\t\t\t\t<div class=\"elementor-background-overlay\"><\/div>\n\t\t\t\t\t\t<div class=\"elementor-shape elementor-shape-bottom\" data-negative=\"true\">\n\t\t\t<svg xmlns=\"http:\/\/www.w3.org\/2000\/svg\" viewBox=\"0 0 1000 100\" preserveAspectRatio=\"none\">\n\t<path class=\"elementor-shape-fill\" d=\"M500,97C126.7,96.3,0.8,19.8,0,0v100l1000,0V1C1000,19.4,873.3,97.8,500,97z\"\/>\n<\/svg>\t\t<\/div>\n\t\t\t\t\t<div class=\"elementor-container elementor-column-gap-default\">\n\t\t\t\t\t<div class=\"elementor-column elementor-col-100 elementor-top-column elementor-element elementor-element-287c66a\" data-id=\"287c66a\" data-element_type=\"column\">\n\t\t\t<div class=\"elementor-widget-wrap elementor-element-populated\">\n\t\t\t\t\t\t\t\t<div class=\"elementor-element elementor-element-405b97cf elementor-headline--style-highlight elementor-widget elementor-widget-animated-headline\" data-id=\"405b97cf\" data-element_type=\"widget\" data-settings=\"{&quot;highlighted_text&quot;:&quot;Downloads.&quot;,&quot;headline_style&quot;:&quot;highlight&quot;,&quot;marker&quot;:&quot;circle&quot;,&quot;loop&quot;:&quot;yes&quot;,&quot;highlight_animation_duration&quot;:1200,&quot;highlight_iteration_delay&quot;:8000}\" data-widget_type=\"animated-headline.default\">\n\t\t\t\t<div class=\"elementor-widget-container\">\n\t\t\t\t\t<h1 class=\"elementor-headline\">\n\t\t\t\t<span class=\"elementor-headline-dynamic-wrapper elementor-headline-text-wrapper\">\n\t\t\t\t\t<span class=\"elementor-headline-dynamic-text elementor-headline-text-active\">Downloads.<\/span>\n\t\t\t\t<\/span>\n\t\t\t\t<\/h1>\n\t\t\t\t<\/div>\n\t\t\t\t<\/div>\n\t\t\t\t\t<\/div>\n\t\t<\/div>\n\t\t\t\t\t\t\t<\/div>\n\t\t<\/section>\n\t\t\t\t<section class=\"elementor-section elementor-top-section elementor-element elementor-element-735b7cda elementor-section-boxed elementor-section-height-default elementor-section-height-default\" data-id=\"735b7cda\" data-element_type=\"section\">\n\t\t\t\t\t\t<div class=\"elementor-container elementor-column-gap-default\">\n\t\t\t\t\t<div class=\"elementor-column elementor-col-100 elementor-top-column elementor-element elementor-element-59ec03b0\" data-id=\"59ec03b0\" data-element_type=\"column\" data-settings=\"{&quot;background_background&quot;:&quot;classic&quot;}\">\n\t\t\t<div class=\"elementor-widget-wrap elementor-element-populated\">\n\t\t\t\t\t\t\t\t<div class=\"elementor-element elementor-element-4b77751b elementor-widget elementor-widget-text-editor\" data-id=\"4b77751b\" data-element_type=\"widget\" data-widget_type=\"text-editor.default\">\n\t\t\t\t<div class=\"elementor-widget-container\">\n\t\t\t\t\t\t\t<div class=\"graphic_textbox_layout_style_default\"><h3 class=\"paragraph_style_2\">Allgemeine Informartionen<\/h3><\/div>\t\t\t\t\t\t<\/div>\n\t\t\t\t<\/div>\n\t\t\t\t<section class=\"elementor-section elementor-inner-section elementor-element elementor-element-69e3c83 elementor-section-boxed elementor-section-height-default elementor-section-height-default\" data-id=\"69e3c83\" data-element_type=\"section\">\n\t\t\t\t\t\t<div class=\"elementor-container elementor-column-gap-default\">\n\t\t\t\t\t<div class=\"elementor-column elementor-col-50 elementor-inner-column elementor-element elementor-element-3201fec\" data-id=\"3201fec\" data-element_type=\"column\">\n\t\t\t<div class=\"elementor-widget-wrap elementor-element-populated\">\n\t\t\t\t\t\t\t\t<div class=\"elementor-element elementor-element-506caf5 elementor-align-justify elementor-widget elementor-widget-button\" data-id=\"506caf5\" data-element_type=\"widget\" data-widget_type=\"button.default\">\n\t\t\t\t<div class=\"elementor-widget-container\">\n\t\t\t\t\t<div class=\"elementor-button-wrapper\">\n\t\t\t<a class=\"elementor-button elementor-button-link elementor-size-md\" href=\"http:\/\/schulerothenfluh.ch\/cms\/wp-content\/uploads\/2018\/02\/Leitbild-der-Schule-Rothenfluh-V-2.pdf\" target=\"_blank\">\n\t\t\t\t\t\t<span class=\"elementor-button-content-wrapper\">\n\t\t\t\t\t\t<span class=\"elementor-button-icon elementor-align-icon-right\">\n\t\t\t\t<i aria-hidden=\"true\" class=\"fas fa-download\"><\/i>\t\t\t<\/span>\n\t\t\t\t\t\t<span class=\"elementor-button-text\">Leitbild Primarschule Rothenfluh<\/span>\n\t\t<\/span>\n\t\t\t\t\t<\/a>\n\t\t<\/div>\n\t\t\t\t<\/div>\n\t\t\t\t<\/div>\n\t\t\t\t\t<\/div>\n\t\t<\/div>\n\t\t\t\t<div class=\"elementor-column elementor-col-50 elementor-inner-column elementor-element elementor-element-e6b3231\" data-id=\"e6b3231\" data-element_type=\"column\">\n\t\t\t<div class=\"elementor-widget-wrap elementor-element-populated\">\n\t\t\t\t\t\t\t\t<div class=\"elementor-element elementor-element-c9d9376 elementor-align-justify elementor-widget elementor-widget-button\" data-id=\"c9d9376\" data-element_type=\"widget\" data-widget_type=\"button.default\">\n\t\t\t\t<div class=\"elementor-widget-container\">\n\t\t\t\t\t<div class=\"elementor-button-wrapper\">\n\t\t\t<a class=\"elementor-button elementor-button-link elementor-size-md\" href=\"http:\/\/schulerothenfluh.ch\/cms\/wp-content\/uploads\/2025\/02\/241223_Mein_Kind_ist_Krank_Flyer.pdf\" target=\"_blank\">\n\t\t\t\t\t\t<span class=\"elementor-button-content-wrapper\">\n\t\t\t\t\t\t<span class=\"elementor-button-icon elementor-align-icon-right\">\n\t\t\t\t<i aria-hidden=\"true\" class=\"fas fa-download\"><\/i>\t\t\t<\/span>\n\t\t\t\t\t\t<span class=\"elementor-button-text\">Vorgehen bei Krankheit<\/span>\n\t\t<\/span>\n\t\t\t\t\t<\/a>\n\t\t<\/div>\n\t\t\t\t<\/div>\n\t\t\t\t<\/div>\n\t\t\t\t\t<\/div>\n\t\t<\/div>\n\t\t\t\t\t\t\t<\/div>\n\t\t<\/section>\n\t\t\t\t<div class=\"elementor-element elementor-element-7d91ee5a elementor-widget elementor-widget-text-editor\" data-id=\"7d91ee5a\" data-element_type=\"widget\" data-widget_type=\"text-editor.default\">\n\t\t\t\t<div class=\"elementor-widget-container\">\n\t\t\t\t\t\t\t<div class=\"graphic_textbox_layout_style_default\"><h2>Urlaube und Absenzen<\/h2><p>Schulleitung, Konvent und der Schulrat der Schule Rothenfluh erlassen die vorliegende Urlaubsordnung, gest\u00fctzt auf die \u00a77,22, 69, 90 und 91 des Bildungsgesetzes vom 6. Juni 2002, sowie auf\u00a0 \u00a7 6, 55, 56 der Verordnung vom 13. Mai 2003. Die Schulpflicht dauert 11 Jahre und beginnt mit dem ersten Kindergartenjahr. Die Eltern verpflichten sich, f\u00fcr einen regelm\u00e4ssigen Schulbesuch ihrer Kinder zu sorgen.<\/p><\/div>\t\t\t\t\t\t<\/div>\n\t\t\t\t<\/div>\n\t\t\t\t<div class=\"elementor-element elementor-element-ff5a8ec elementor-widget elementor-widget-text-editor\" data-id=\"ff5a8ec\" data-element_type=\"widget\" data-widget_type=\"text-editor.default\">\n\t\t\t\t<div class=\"elementor-widget-container\">\n\t\t\t\t\t\t\t<div class=\"graphic_textbox_layout_style_default\"><h3>Ordentliche Urlaube<\/h3><p>Jede Sch\u00fclerin, jeder Sch\u00fcler kann pro Schuljahr bis vier halbe Tage als ordentlichen Urlaub (sog. Jokerhalbtage) beziehen. Die Jokerhalbtage k\u00f6nnen nicht auf das folgende Schuljahr \u00fcbertragen werden.<\/p><p><strong>Regelung f\u00fcr den Kindergarten: Im 1. und im 2. Kindergartenjahr k\u00f6nnen die Eltern eine zus\u00e4tzliche Urlaubswoche beantragen.<\/strong><\/p><\/div>\t\t\t\t\t\t<\/div>\n\t\t\t\t<\/div>\n\t\t\t\t<div class=\"elementor-element elementor-element-c77f94d elementor-widget elementor-widget-text-editor\" data-id=\"c77f94d\" data-element_type=\"widget\" data-widget_type=\"text-editor.default\">\n\t\t\t\t<div class=\"elementor-widget-container\">\n\t\t\t\t\t\t\t<div class=\"graphic_textbox_layout_style_default\"><h3>Ausserordentliche Urlaube<\/h3><p>Sch\u00fclerinnen und Sch\u00fcler k\u00f6nnen auf schriftliches Gesuch der Eltern befristet vom Schulbesuch beurlaubt werden. Es gilt folgende Bewilligungspraxis:<\/p><ul><li>Jedes Urlaubsgesuch geht zuerst an die zust\u00e4ndige Klassenlehrperson, die begr\u00fcndet eine Stellungnahme abgibt.<\/li><li>Die Bewilligung wird von Fall zu Fall erteilt und kann an Auflagen gekn\u00fcpft werden.<\/li><li>Ausnahmsweise erteilte Bewilligungen sind einmalig. Es kann daraus kein Anspruch auf Wiederholung gemacht werden.<\/li><li>Verantwortung der Eltern: Die Aufarbeitung des vers\u00e4umten Schulstoffes und der Hausaufgaben liegen in der Verantwortung der Eltern.<\/li><\/ul><\/div>\t\t\t\t\t\t<\/div>\n\t\t\t\t<\/div>\n\t\t\t\t\t<\/div>\n\t\t<\/div>\n\t\t\t\t\t\t\t<\/div>\n\t\t<\/section>\n\t\t\t\t<section class=\"elementor-section elementor-top-section elementor-element elementor-element-7cc8f506 elementor-section-boxed elementor-section-height-default elementor-section-height-default\" data-id=\"7cc8f506\" data-element_type=\"section\">\n\t\t\t\t\t\t<div class=\"elementor-container elementor-column-gap-default\">\n\t\t\t\t\t<div class=\"elementor-column elementor-col-100 elementor-top-column elementor-element elementor-element-1df83859\" data-id=\"1df83859\" data-element_type=\"column\">\n\t\t\t<div class=\"elementor-widget-wrap elementor-element-populated\">\n\t\t\t\t\t\t\t\t<div class=\"elementor-element elementor-element-fb47a89 elementor-align-justify elementor-widget elementor-widget-button\" data-id=\"fb47a89\" data-element_type=\"widget\" data-widget_type=\"button.default\">\n\t\t\t\t<div class=\"elementor-widget-container\">\n\t\t\t\t\t<div class=\"elementor-button-wrapper\">\n\t\t\t<a class=\"elementor-button elementor-button-link elementor-size-md\" href=\"http:\/\/schulerothenfluh.ch\/cms\/wp-content\/uploads\/2022\/08\/Urlaubsgesuch-PS-Rothenfluh.pdf\" target=\"_blank\">\n\t\t\t\t\t\t<span class=\"elementor-button-content-wrapper\">\n\t\t\t\t\t\t<span class=\"elementor-button-icon elementor-align-icon-right\">\n\t\t\t\t<i aria-hidden=\"true\" class=\"fas fa-download\"><\/i>\t\t\t<\/span>\n\t\t\t\t\t\t<span class=\"elementor-button-text\">Formular Urlaube<\/span>\n\t\t<\/span>\n\t\t\t\t\t<\/a>\n\t\t<\/div>\n\t\t\t\t<\/div>\n\t\t\t\t<\/div>\n\t\t\t\t<div class=\"elementor-element elementor-element-759c45f elementor-widget elementor-widget-spacer\" data-id=\"759c45f\" data-element_type=\"widget\" data-widget_type=\"spacer.default\">\n\t\t\t\t<div class=\"elementor-widget-container\">\n\t\t\t\t\t<div class=\"elementor-spacer\">\n\t\t\t<div class=\"elementor-spacer-inner\"><\/div>\n\t\t<\/div>\n\t\t\t\t<\/div>\n\t\t\t\t<\/div>\n\t\t\t\t\t<\/div>\n\t\t<\/div>\n\t\t\t\t\t\t\t<\/div>\n\t\t<\/section>\n\t\t\t\t<section class=\"elementor-section elementor-top-section elementor-element elementor-element-585a6c02 elementor-section-boxed elementor-section-height-default elementor-section-height-default\" data-id=\"585a6c02\" data-element_type=\"section\">\n\t\t\t\t\t\t<div class=\"elementor-container elementor-column-gap-default\">\n\t\t\t\t\t<div class=\"elementor-column elementor-col-100 elementor-top-column elementor-element elementor-element-2beaf170\" data-id=\"2beaf170\" data-element_type=\"column\" data-settings=\"{&quot;background_background&quot;:&quot;classic&quot;}\">\n\t\t\t<div class=\"elementor-widget-wrap\">\n\t\t\t\t\t\t\t\t\t<\/div>\n\t\t<\/div>\n\t\t\t\t\t\t\t<\/div>\n\t\t<\/section>\n\t\t\t\t\t\t\t<\/div>\n\t\t","protected":false},"excerpt":{"rendered":"<p>Downloads. Allgemeine Informartionen Leitbild Primarschule Rothenfluh Vorgehen bei Krankheit Urlaube und Absenzen Schulleitung, Konvent und der Schulrat der Schule Rothenfluh erlassen die vorliegende Urlaubsordnung, gest\u00fctzt auf die \u00a77,22, 69, 90 und 91 des Bildungsgesetzes vom 6. Juni 2002, sowie auf\u00a0 \u00a7 6, 55, 56 der Verordnung vom 13. Mai 2003. Die Schulpflicht dauert 11 Jahre [&hellip;]<\/p>\n","protected":false},"author":1,"featured_media":0,"parent":0,"menu_order":0,"comment_status":"closed","ping_status":"closed","template":"","meta":{"footnotes":""},"class_list":["post-2980","page","type-page","status-publish","hentry","entry"],"_links":{"self":[{"href":"https:\/\/schulerothenfluh.ch\/cms\/wp-json\/wp\/v2\/pages\/2980","targetHints":{"allow":["GET"]}}],"collection":[{"href":"https:\/\/schulerothenfluh.ch\/cms\/wp-json\/wp\/v2\/pages"}],"about":[{"href":"https:\/\/schulerothenfluh.ch\/cms\/wp-json\/wp\/v2\/types\/page"}],"author":[{"embeddable":true,"href":"https:\/\/schulerothenfluh.ch\/cms\/wp-json\/wp\/v2\/users\/1"}],"replies":[{"embeddable":true,"href":"https:\/\/schulerothenfluh.ch\/cms\/wp-json\/wp\/v2\/comments?post=2980"}],"version-history":[{"count":112,"href":"https:\/\/schulerothenfluh.ch\/cms\/wp-json\/wp\/v2\/pages\/2980\/revisions"}],"predecessor-version":[{"id":5597,"href":"https:\/\/schulerothenfluh.ch\/cms\/wp-json\/wp\/v2\/pages\/2980\/revisions\/5597"}],"wp:attachment":[{"href":"https:\/\/schulerothenfluh.ch\/cms\/wp-json\/wp\/v2\/media?parent=2980"}],"curies":[{"name":"wp","href":"https:\/\/api.w.org\/{rel}","templated":true}]}}