{"id":3022,"date":"2018-02-19T22:52:15","date_gmt":"2018-02-19T21:52:15","guid":{"rendered":"http:\/\/schulerothenfluh.ch\/cms\/?page_id=3022"},"modified":"2025-09-23T13:52:47","modified_gmt":"2025-09-23T11:52:47","slug":"blog","status":"publish","type":"page","link":"https:\/\/schulerothenfluh.ch\/cms\/blog\/","title":{"rendered":"Blog"},"content":{"rendered":"\t\t<div data-elementor-type=\"wp-post\" data-elementor-id=\"3022\" class=\"elementor elementor-3022\" data-elementor-post-type=\"page\">\n\t\t\t\t\t\t\t\t\t<section class=\"elementor-section elementor-top-section elementor-element elementor-element-129a4d7a elementor-section-boxed elementor-section-height-default elementor-section-height-default\" data-id=\"129a4d7a\" data-element_type=\"section\" data-settings=\"{&quot;background_background&quot;:&quot;classic&quot;,&quot;shape_divider_bottom&quot;:&quot;curve&quot;,&quot;shape_divider_bottom_negative&quot;:&quot;yes&quot;}\">\n\t\t\t\t\t\t\t<div class=\"elementor-background-overlay\"><\/div>\n\t\t\t\t\t\t<div class=\"elementor-shape elementor-shape-bottom\" data-negative=\"true\">\n\t\t\t<svg xmlns=\"http:\/\/www.w3.org\/2000\/svg\" viewBox=\"0 0 1000 100\" preserveAspectRatio=\"none\">\n\t<path class=\"elementor-shape-fill\" d=\"M500,97C126.7,96.3,0.8,19.8,0,0v100l1000,0V1C1000,19.4,873.3,97.8,500,97z\"\/>\n<\/svg>\t\t<\/div>\n\t\t\t\t\t<div class=\"elementor-container elementor-column-gap-default\">\n\t\t\t\t\t<div class=\"elementor-column elementor-col-100 elementor-top-column elementor-element elementor-element-10b315db\" data-id=\"10b315db\" data-element_type=\"column\">\n\t\t\t<div class=\"elementor-widget-wrap elementor-element-populated\">\n\t\t\t\t\t\t\t\t<div class=\"elementor-element elementor-element-d740215 elementor-headline--style-highlight elementor-widget elementor-widget-animated-headline\" data-id=\"d740215\" data-element_type=\"widget\" data-settings=\"{&quot;highlighted_text&quot;:&quot;Blog&quot;,&quot;headline_style&quot;:&quot;highlight&quot;,&quot;marker&quot;:&quot;circle&quot;,&quot;loop&quot;:&quot;yes&quot;,&quot;highlight_animation_duration&quot;:1200,&quot;highlight_iteration_delay&quot;:8000}\" data-widget_type=\"animated-headline.default\">\n\t\t\t\t<div class=\"elementor-widget-container\">\n\t\t\t\t\t<h1 class=\"elementor-headline\">\n\t\t\t\t<span class=\"elementor-headline-dynamic-wrapper elementor-headline-text-wrapper\">\n\t\t\t\t\t<span class=\"elementor-headline-dynamic-text elementor-headline-text-active\">Blog<\/span>\n\t\t\t\t<\/span>\n\t\t\t\t\t<span class=\"elementor-headline-plain-text elementor-headline-text-wrapper\">und News-Archiv.<\/span>\n\t\t\t\t\t<\/h1>\n\t\t\t\t<\/div>\n\t\t\t\t<\/div>\n\t\t\t\t\t<\/div>\n\t\t<\/div>\n\t\t\t\t\t\t\t<\/div>\n\t\t<\/section>\n\t\t\t\t<section class=\"elementor-section elementor-top-section elementor-element elementor-element-3ac9fd49 elementor-section-boxed elementor-section-height-default elementor-section-height-default\" data-id=\"3ac9fd49\" data-element_type=\"section\">\n\t\t\t\t\t\t<div class=\"elementor-container elementor-column-gap-default\">\n\t\t\t\t\t<div class=\"elementor-column elementor-col-100 elementor-top-column elementor-element elementor-element-1ce5f082\" data-id=\"1ce5f082\" data-element_type=\"column\" data-settings=\"{&quot;background_background&quot;:&quot;classic&quot;}\">\n\t\t\t<div class=\"elementor-widget-wrap elementor-element-populated\">\n\t\t\t\t\t\t\t\t<div class=\"elementor-element elementor-element-7f14d24 elementor-grid-3 elementor-grid-tablet-2 elementor-grid-mobile-1 elementor-posts--thumbnail-top elementor-card-shadow-yes elementor-posts__hover-gradient elementor-widget elementor-widget-posts\" data-id=\"7f14d24\" data-element_type=\"widget\" data-settings=\"{&quot;cards_masonry&quot;:&quot;yes&quot;,&quot;pagination_type&quot;:&quot;load_more_infinite_scroll&quot;,&quot;cards_columns&quot;:&quot;3&quot;,&quot;cards_columns_tablet&quot;:&quot;2&quot;,&quot;cards_columns_mobile&quot;:&quot;1&quot;,&quot;cards_row_gap&quot;:{&quot;unit&quot;:&quot;px&quot;,&quot;size&quot;:35,&quot;sizes&quot;:[]},&quot;cards_row_gap_tablet&quot;:{&quot;unit&quot;:&quot;px&quot;,&quot;size&quot;:&quot;&quot;,&quot;sizes&quot;:[]},&quot;cards_row_gap_mobile&quot;:{&quot;unit&quot;:&quot;px&quot;,&quot;size&quot;:&quot;&quot;,&quot;sizes&quot;:[]},&quot;load_more_spinner&quot;:{&quot;value&quot;:&quot;fas fa-spinner&quot;,&quot;library&quot;:&quot;fa-solid&quot;}}\" data-widget_type=\"posts.cards\">\n\t\t\t\t<div class=\"elementor-widget-container\">\n\t\t\t\t\t<div class=\"elementor-posts-container elementor-posts elementor-posts--skin-cards elementor-grid\">\n\t\t\t\t<article class=\"elementor-post elementor-grid-item post-6363 post type-post status-publish format-standard hentry category-allgemein entry\">\n\t\t\t<div class=\"elementor-post__card\">\n\t\t\t\t<div class=\"elementor-post__text\">\n\t\t\t\t<h3 class=\"elementor-post__title\">\n\t\t\t<a href=\"https:\/\/schulerothenfluh.ch\/cms\/fasnacht\/\" >\n\t\t\t\tFasnacht\t\t\t<\/a>\n\t\t<\/h3>\n\t\t\t\t<div class=\"elementor-post__excerpt\">\n\t\t\t\t\t<\/div>\n\t\t\n\t\t<a class=\"elementor-post__read-more\" href=\"https:\/\/schulerothenfluh.ch\/cms\/fasnacht\/\" aria-label=\"Read more about Fasnacht\" tabindex=\"-1\" >\n\t\t\tMehr erfahren \u00bb\t\t<\/a>\n\n\t\t\t\t<\/div>\n\t\t\t\t<div class=\"elementor-post__meta-data\">\n\t\t\t\t\t<span class=\"elementor-post-date\">\n\t\t\t5. M\u00e4rz 2026\t\t<\/span>\n\t\t\t\t<\/div>\n\t\t\t\t\t<\/div>\n\t\t<\/article>\n\t\t\t\t<article class=\"elementor-post elementor-grid-item post-6343 post type-post status-publish format-standard hentry category-allgemein entry\">\n\t\t\t<div class=\"elementor-post__card\">\n\t\t\t\t<div class=\"elementor-post__text\">\n\t\t\t\t<h3 class=\"elementor-post__title\">\n\t\t\t<a href=\"https:\/\/schulerothenfluh.ch\/cms\/theater-ari-und-das-euphonium-1-2-klasse\/\" >\n\t\t\t\tTheater Ari und das Euphonium 1.\/2. Klasse\t\t\t<\/a>\n\t\t<\/h3>\n\t\t\t\t<div class=\"elementor-post__excerpt\">\n\t\t\t<p>Mit grossem Engagement und viel Humor pr\u00e4sentierten die Kinder der 1. und 2. Klasse ihr Theaterst\u00fcck. Die Auff\u00fchrung begeisterte mit beeindruckenden, akrobatischen Einlagen und musikalischen<\/p>\n\t\t<\/div>\n\t\t\n\t\t<a class=\"elementor-post__read-more\" href=\"https:\/\/schulerothenfluh.ch\/cms\/theater-ari-und-das-euphonium-1-2-klasse\/\" aria-label=\"Read more about Theater Ari und das Euphonium 1.\/2. Klasse\" tabindex=\"-1\" >\n\t\t\tMehr erfahren \u00bb\t\t<\/a>\n\n\t\t\t\t<\/div>\n\t\t\t\t<div class=\"elementor-post__meta-data\">\n\t\t\t\t\t<span class=\"elementor-post-date\">\n\t\t\t19. Februar 2026\t\t<\/span>\n\t\t\t\t<\/div>\n\t\t\t\t\t<\/div>\n\t\t<\/article>\n\t\t\t\t<article class=\"elementor-post elementor-grid-item post-6314 post type-post status-publish format-standard hentry category-allgemein entry\">\n\t\t\t<div class=\"elementor-post__card\">\n\t\t\t\t<div class=\"elementor-post__text\">\n\t\t\t\t<h3 class=\"elementor-post__title\">\n\t\t\t<a href=\"https:\/\/schulerothenfluh.ch\/cms\/zirkuszelt-spendenaufruf\/\" >\n\t\t\t\tZirkuszelt &#8211; Spendenaufruf\t\t\t<\/a>\n\t\t<\/h3>\n\t\t\t\t<div class=\"elementor-post__excerpt\">\n\t\t\t\t\t<\/div>\n\t\t\n\t\t<a class=\"elementor-post__read-more\" href=\"https:\/\/schulerothenfluh.ch\/cms\/zirkuszelt-spendenaufruf\/\" aria-label=\"Read more about Zirkuszelt &#8211; Spendenaufruf\" tabindex=\"-1\" >\n\t\t\tMehr erfahren \u00bb\t\t<\/a>\n\n\t\t\t\t<\/div>\n\t\t\t\t<div class=\"elementor-post__meta-data\">\n\t\t\t\t\t<span class=\"elementor-post-date\">\n\t\t\t12. Februar 2026\t\t<\/span>\n\t\t\t\t<\/div>\n\t\t\t\t\t<\/div>\n\t\t<\/article>\n\t\t\t\t<article class=\"elementor-post elementor-grid-item post-6307 post type-post status-publish format-standard has-post-thumbnail hentry category-allgemein entry has-media\">\n\t\t\t<div class=\"elementor-post__card\">\n\t\t\t\t<a class=\"elementor-post__thumbnail__link\" href=\"https:\/\/schulerothenfluh.ch\/cms\/einstieg-ins-neue-jahr\/\" tabindex=\"-1\" ><div class=\"elementor-post__thumbnail\"><img loading=\"lazy\" decoding=\"async\" width=\"300\" height=\"225\" src=\"https:\/\/schulerothenfluh.ch\/cms\/wp-content\/uploads\/2026\/01\/IMG_1292-1-300x225.jpg\" class=\"attachment-medium size-medium wp-image-6290\" alt=\"\" srcset=\"https:\/\/schulerothenfluh.ch\/cms\/wp-content\/uploads\/2026\/01\/IMG_1292-1-300x225.jpg 300w, https:\/\/schulerothenfluh.ch\/cms\/wp-content\/uploads\/2026\/01\/IMG_1292-1-1024x768.jpg 1024w, https:\/\/schulerothenfluh.ch\/cms\/wp-content\/uploads\/2026\/01\/IMG_1292-1-768x576.jpg 768w, https:\/\/schulerothenfluh.ch\/cms\/wp-content\/uploads\/2026\/01\/IMG_1292-1-1536x1152.jpg 1536w, https:\/\/schulerothenfluh.ch\/cms\/wp-content\/uploads\/2026\/01\/IMG_1292-1-2048x1536.jpg 2048w\" sizes=\"auto, (max-width: 300px) 100vw, 300px\" \/><\/div><\/a>\n\t\t\t\t<div class=\"elementor-post__badge\">Allgemein<\/div>\n\t\t\t\t<div class=\"elementor-post__text\">\n\t\t\t\t<h3 class=\"elementor-post__title\">\n\t\t\t<a href=\"https:\/\/schulerothenfluh.ch\/cms\/einstieg-ins-neue-jahr\/\" >\n\t\t\t\tEinstieg ins neue Jahr\t\t\t<\/a>\n\t\t<\/h3>\n\t\t\t\t<div class=\"elementor-post__excerpt\">\n\t\t\t\t\t<\/div>\n\t\t\n\t\t<a class=\"elementor-post__read-more\" href=\"https:\/\/schulerothenfluh.ch\/cms\/einstieg-ins-neue-jahr\/\" aria-label=\"Read more about Einstieg ins neue Jahr\" tabindex=\"-1\" >\n\t\t\tMehr erfahren \u00bb\t\t<\/a>\n\n\t\t\t\t<\/div>\n\t\t\t\t<div class=\"elementor-post__meta-data\">\n\t\t\t\t\t<span class=\"elementor-post-date\">\n\t\t\t19. Januar 2026\t\t<\/span>\n\t\t\t\t<\/div>\n\t\t\t\t\t<\/div>\n\t\t<\/article>\n\t\t\t\t<article class=\"elementor-post elementor-grid-item post-6257 post type-post status-publish format-standard has-post-thumbnail hentry category-allgemein entry has-media\">\n\t\t\t<div class=\"elementor-post__card\">\n\t\t\t\t<a class=\"elementor-post__thumbnail__link\" href=\"https:\/\/schulerothenfluh.ch\/cms\/kerzenziehen-2025\/\" tabindex=\"-1\" ><div class=\"elementor-post__thumbnail\"><img loading=\"lazy\" decoding=\"async\" width=\"225\" height=\"300\" src=\"https:\/\/schulerothenfluh.ch\/cms\/wp-content\/uploads\/2026\/01\/IMG_9570-225x300.jpeg\" class=\"attachment-medium size-medium wp-image-6256\" alt=\"\" srcset=\"https:\/\/schulerothenfluh.ch\/cms\/wp-content\/uploads\/2026\/01\/IMG_9570-225x300.jpeg 225w, https:\/\/schulerothenfluh.ch\/cms\/wp-content\/uploads\/2026\/01\/IMG_9570-768x1024.jpeg 768w, https:\/\/schulerothenfluh.ch\/cms\/wp-content\/uploads\/2026\/01\/IMG_9570-1152x1536.jpeg 1152w, https:\/\/schulerothenfluh.ch\/cms\/wp-content\/uploads\/2026\/01\/IMG_9570-1536x2048.jpeg 1536w, https:\/\/schulerothenfluh.ch\/cms\/wp-content\/uploads\/2026\/01\/IMG_9570-scaled.jpeg 1920w\" sizes=\"auto, (max-width: 225px) 100vw, 225px\" \/><\/div><\/a>\n\t\t\t\t<div class=\"elementor-post__badge\">Allgemein<\/div>\n\t\t\t\t<div class=\"elementor-post__text\">\n\t\t\t\t<h3 class=\"elementor-post__title\">\n\t\t\t<a href=\"https:\/\/schulerothenfluh.ch\/cms\/kerzenziehen-2025\/\" >\n\t\t\t\tKerzenziehen 2025\t\t\t<\/a>\n\t\t<\/h3>\n\t\t\t\t<div class=\"elementor-post__excerpt\">\n\t\t\t\t\t<\/div>\n\t\t\n\t\t<a class=\"elementor-post__read-more\" href=\"https:\/\/schulerothenfluh.ch\/cms\/kerzenziehen-2025\/\" aria-label=\"Read more about Kerzenziehen 2025\" tabindex=\"-1\" >\n\t\t\tMehr erfahren \u00bb\t\t<\/a>\n\n\t\t\t\t<\/div>\n\t\t\t\t<div class=\"elementor-post__meta-data\">\n\t\t\t\t\t<span class=\"elementor-post-date\">\n\t\t\t19. Januar 2026\t\t<\/span>\n\t\t\t\t<\/div>\n\t\t\t\t\t<\/div>\n\t\t<\/article>\n\t\t\t\t<article class=\"elementor-post elementor-grid-item post-6215 post type-post status-publish format-standard has-post-thumbnail hentry category-allgemein entry has-media\">\n\t\t\t<div class=\"elementor-post__card\">\n\t\t\t\t<a class=\"elementor-post__thumbnail__link\" href=\"https:\/\/schulerothenfluh.ch\/cms\/waldweihnacht-2025\/\" tabindex=\"-1\" ><div class=\"elementor-post__thumbnail\"><img loading=\"lazy\" decoding=\"async\" width=\"300\" height=\"225\" src=\"https:\/\/schulerothenfluh.ch\/cms\/wp-content\/uploads\/2026\/01\/IMG_0978-300x225.jpg\" class=\"attachment-medium size-medium wp-image-6216\" alt=\"\" srcset=\"https:\/\/schulerothenfluh.ch\/cms\/wp-content\/uploads\/2026\/01\/IMG_0978-300x225.jpg 300w, https:\/\/schulerothenfluh.ch\/cms\/wp-content\/uploads\/2026\/01\/IMG_0978-1024x768.jpg 1024w, https:\/\/schulerothenfluh.ch\/cms\/wp-content\/uploads\/2026\/01\/IMG_0978-768x576.jpg 768w, https:\/\/schulerothenfluh.ch\/cms\/wp-content\/uploads\/2026\/01\/IMG_0978-1536x1152.jpg 1536w, https:\/\/schulerothenfluh.ch\/cms\/wp-content\/uploads\/2026\/01\/IMG_0978-2048x1536.jpg 2048w\" sizes=\"auto, (max-width: 300px) 100vw, 300px\" \/><\/div><\/a>\n\t\t\t\t<div class=\"elementor-post__badge\">Allgemein<\/div>\n\t\t\t\t<div class=\"elementor-post__text\">\n\t\t\t\t<h3 class=\"elementor-post__title\">\n\t\t\t<a href=\"https:\/\/schulerothenfluh.ch\/cms\/waldweihnacht-2025\/\" >\n\t\t\t\tWaldweihnacht 2025\t\t\t<\/a>\n\t\t<\/h3>\n\t\t\t\t<div class=\"elementor-post__excerpt\">\n\t\t\t\t\t<\/div>\n\t\t\n\t\t<a class=\"elementor-post__read-more\" href=\"https:\/\/schulerothenfluh.ch\/cms\/waldweihnacht-2025\/\" aria-label=\"Read more about Waldweihnacht 2025\" tabindex=\"-1\" >\n\t\t\tMehr erfahren \u00bb\t\t<\/a>\n\n\t\t\t\t<\/div>\n\t\t\t\t<div class=\"elementor-post__meta-data\">\n\t\t\t\t\t<span class=\"elementor-post-date\">\n\t\t\t15. Januar 2026\t\t<\/span>\n\t\t\t\t<\/div>\n\t\t\t\t\t<\/div>\n\t\t<\/article>\n\t\t\t\t<article class=\"elementor-post elementor-grid-item post-6180 post type-post status-publish format-standard has-post-thumbnail hentry category-1-2-klasse entry has-media\">\n\t\t\t<div class=\"elementor-post__card\">\n\t\t\t\t<a class=\"elementor-post__thumbnail__link\" href=\"https:\/\/schulerothenfluh.ch\/cms\/igelstation\/\" tabindex=\"-1\" ><div class=\"elementor-post__thumbnail\"><img loading=\"lazy\" decoding=\"async\" width=\"300\" height=\"230\" src=\"https:\/\/schulerothenfluh.ch\/cms\/wp-content\/uploads\/2025\/12\/IMG_8574-300x230.jpg\" class=\"attachment-medium size-medium wp-image-6181\" alt=\"\" srcset=\"https:\/\/schulerothenfluh.ch\/cms\/wp-content\/uploads\/2025\/12\/IMG_8574-300x230.jpg 300w, https:\/\/schulerothenfluh.ch\/cms\/wp-content\/uploads\/2025\/12\/IMG_8574.jpg 461w\" sizes=\"auto, (max-width: 300px) 100vw, 300px\" \/><\/div><\/a>\n\t\t\t\t<div class=\"elementor-post__badge\">1. + 2. Klasse<\/div>\n\t\t\t\t<div class=\"elementor-post__text\">\n\t\t\t\t<h3 class=\"elementor-post__title\">\n\t\t\t<a href=\"https:\/\/schulerothenfluh.ch\/cms\/igelstation\/\" >\n\t\t\t\tIgelstation\t\t\t<\/a>\n\t\t<\/h3>\n\t\t\t\t<div class=\"elementor-post__excerpt\">\n\t\t\t<p>Am 17. November 2025 konnten die Kinder der 1. und 2. Klasse die Igelstation in Tenniken besuchen.<\/p>\n\t\t<\/div>\n\t\t\n\t\t<a class=\"elementor-post__read-more\" href=\"https:\/\/schulerothenfluh.ch\/cms\/igelstation\/\" aria-label=\"Read more about Igelstation\" tabindex=\"-1\" >\n\t\t\tMehr erfahren \u00bb\t\t<\/a>\n\n\t\t\t\t<\/div>\n\t\t\t\t<div class=\"elementor-post__meta-data\">\n\t\t\t\t\t<span class=\"elementor-post-date\">\n\t\t\t8. Dezember 2025\t\t<\/span>\n\t\t\t\t<\/div>\n\t\t\t\t\t<\/div>\n\t\t<\/article>\n\t\t\t\t<article class=\"elementor-post elementor-grid-item post-6170 post type-post status-publish format-standard has-post-thumbnail hentry category-allgemein entry has-media\">\n\t\t\t<div class=\"elementor-post__card\">\n\t\t\t\t<a class=\"elementor-post__thumbnail__link\" href=\"https:\/\/schulerothenfluh.ch\/cms\/clown-moyzo\/\" tabindex=\"-1\" ><div class=\"elementor-post__thumbnail\"><img loading=\"lazy\" decoding=\"async\" width=\"300\" height=\"225\" src=\"https:\/\/schulerothenfluh.ch\/cms\/wp-content\/uploads\/2025\/11\/image-20251105-134014-058-0-300x225.jpeg\" class=\"attachment-medium size-medium wp-image-6142\" alt=\"\" srcset=\"https:\/\/schulerothenfluh.ch\/cms\/wp-content\/uploads\/2025\/11\/image-20251105-134014-058-0-300x225.jpeg 300w, https:\/\/schulerothenfluh.ch\/cms\/wp-content\/uploads\/2025\/11\/image-20251105-134014-058-0.jpeg 640w\" sizes=\"auto, (max-width: 300px) 100vw, 300px\" \/><\/div><\/a>\n\t\t\t\t<div class=\"elementor-post__badge\">Allgemein<\/div>\n\t\t\t\t<div class=\"elementor-post__text\">\n\t\t\t\t<h3 class=\"elementor-post__title\">\n\t\t\t<a href=\"https:\/\/schulerothenfluh.ch\/cms\/clown-moyzo\/\" >\n\t\t\t\tClown Moyzo\t\t\t<\/a>\n\t\t<\/h3>\n\t\t\t\t<div class=\"elementor-post__excerpt\">\n\t\t\t<p>Am 5. November sorgte Clown Moyzo mit seinem Besuch an unserer Schule f\u00fcr eine fr\u00f6hliche \u00dcberraschung. Mit seinen witzigen Einlagen und charmanten Sp\u00e4ssen brachte er<\/p>\n\t\t<\/div>\n\t\t\n\t\t<a class=\"elementor-post__read-more\" href=\"https:\/\/schulerothenfluh.ch\/cms\/clown-moyzo\/\" aria-label=\"Read more about Clown Moyzo\" tabindex=\"-1\" >\n\t\t\tMehr erfahren \u00bb\t\t<\/a>\n\n\t\t\t\t<\/div>\n\t\t\t\t<div class=\"elementor-post__meta-data\">\n\t\t\t\t\t<span class=\"elementor-post-date\">\n\t\t\t11. November 2025\t\t<\/span>\n\t\t\t\t<\/div>\n\t\t\t\t\t<\/div>\n\t\t<\/article>\n\t\t\t\t<article class=\"elementor-post elementor-grid-item post-6162 post type-post status-publish format-standard has-post-thumbnail hentry category-allgemein entry has-media\">\n\t\t\t<div class=\"elementor-post__card\">\n\t\t\t\t<a class=\"elementor-post__thumbnail__link\" href=\"https:\/\/schulerothenfluh.ch\/cms\/sternwanderung-2025\/\" tabindex=\"-1\" ><div class=\"elementor-post__thumbnail\"><img loading=\"lazy\" decoding=\"async\" width=\"300\" height=\"225\" src=\"https:\/\/schulerothenfluh.ch\/cms\/wp-content\/uploads\/2025\/11\/IMG_8471-6-300x225.jpg\" class=\"attachment-medium size-medium wp-image-6149\" alt=\"\" srcset=\"https:\/\/schulerothenfluh.ch\/cms\/wp-content\/uploads\/2025\/11\/IMG_8471-6-300x225.jpg 300w, https:\/\/schulerothenfluh.ch\/cms\/wp-content\/uploads\/2025\/11\/IMG_8471-6-1024x768.jpg 1024w, https:\/\/schulerothenfluh.ch\/cms\/wp-content\/uploads\/2025\/11\/IMG_8471-6-768x576.jpg 768w, https:\/\/schulerothenfluh.ch\/cms\/wp-content\/uploads\/2025\/11\/IMG_8471-6-1536x1152.jpg 1536w, https:\/\/schulerothenfluh.ch\/cms\/wp-content\/uploads\/2025\/11\/IMG_8471-6-2048x1536.jpg 2048w\" sizes=\"auto, (max-width: 300px) 100vw, 300px\" \/><\/div><\/a>\n\t\t\t\t<div class=\"elementor-post__badge\">Allgemein<\/div>\n\t\t\t\t<div class=\"elementor-post__text\">\n\t\t\t\t<h3 class=\"elementor-post__title\">\n\t\t\t<a href=\"https:\/\/schulerothenfluh.ch\/cms\/sternwanderung-2025\/\" >\n\t\t\t\tSternwanderung 2025\t\t\t<\/a>\n\t\t<\/h3>\n\t\t\t\t<div class=\"elementor-post__excerpt\">\n\t\t\t\t\t<\/div>\n\t\t\n\t\t<a class=\"elementor-post__read-more\" href=\"https:\/\/schulerothenfluh.ch\/cms\/sternwanderung-2025\/\" aria-label=\"Read more about Sternwanderung 2025\" tabindex=\"-1\" >\n\t\t\tMehr erfahren \u00bb\t\t<\/a>\n\n\t\t\t\t<\/div>\n\t\t\t\t<div class=\"elementor-post__meta-data\">\n\t\t\t\t\t<span class=\"elementor-post-date\">\n\t\t\t11. November 2025\t\t<\/span>\n\t\t\t\t<\/div>\n\t\t\t\t\t<\/div>\n\t\t<\/article>\n\t\t\t\t<\/div>\n\t\t\t\t\t<span class=\"e-load-more-spinner\">\n\t\t\t\t<i aria-hidden=\"true\" class=\"fas fa-spinner\"><\/i>\t\t\t<\/span>\n\t\t\n\t\t\t\t<div class=\"e-load-more-anchor\" data-page=\"1\" data-max-page=\"10\" data-next-page=\"https:\/\/schulerothenfluh.ch\/cms\/wp-json\/wp\/v2\/pages\/3022\/page\/2\/\"><\/div>\n\t\t\t\t<div class=\"e-load-more-message\"><\/div>\n\t\t\t\t<\/div>\n\t\t\t\t<\/div>\n\t\t\t\t\t<\/div>\n\t\t<\/div>\n\t\t\t\t\t\t\t<\/div>\n\t\t<\/section>\n\t\t\t\t<section class=\"elementor-section elementor-top-section elementor-element elementor-element-5f6daca4 elementor-section-boxed elementor-section-height-default elementor-section-height-default\" data-id=\"5f6daca4\" data-element_type=\"section\">\n\t\t\t\t\t\t<div class=\"elementor-container elementor-column-gap-default\">\n\t\t\t\t\t<div class=\"elementor-column elementor-col-100 elementor-top-column elementor-element elementor-element-52169add\" data-id=\"52169add\" data-element_type=\"column\">\n\t\t\t<div class=\"elementor-widget-wrap elementor-element-populated\">\n\t\t\t\t\t\t\t\t<div class=\"elementor-element elementor-element-74b66d1 elementor-widget elementor-widget-spacer\" data-id=\"74b66d1\" data-element_type=\"widget\" data-widget_type=\"spacer.default\">\n\t\t\t\t<div class=\"elementor-widget-container\">\n\t\t\t\t\t<div class=\"elementor-spacer\">\n\t\t\t<div class=\"elementor-spacer-inner\"><\/div>\n\t\t<\/div>\n\t\t\t\t<\/div>\n\t\t\t\t<\/div>\n\t\t\t\t\t<\/div>\n\t\t<\/div>\n\t\t\t\t\t\t\t<\/div>\n\t\t<\/section>\n\t\t\t\t\t\t\t<\/div>\n\t\t","protected":false},"excerpt":{"rendered":"<p>Blog und News-Archiv.<\/p>\n","protected":false},"author":1,"featured_media":0,"parent":0,"menu_order":2,"comment_status":"closed","ping_status":"closed","template":"","meta":{"footnotes":""},"class_list":["post-3022","page","type-page","status-publish","hentry","entry","has-media"],"_links":{"self":[{"href":"https:\/\/schulerothenfluh.ch\/cms\/wp-json\/wp\/v2\/pages\/3022","targetHints":{"allow":["GET"]}}],"collection":[{"href":"https:\/\/schulerothenfluh.ch\/cms\/wp-json\/wp\/v2\/pages"}],"about":[{"href":"https:\/\/schulerothenfluh.ch\/cms\/wp-json\/wp\/v2\/types\/page"}],"author":[{"embeddable":true,"href":"https:\/\/schulerothenfluh.ch\/cms\/wp-json\/wp\/v2\/users\/1"}],"replies":[{"embeddable":true,"href":"https:\/\/schulerothenfluh.ch\/cms\/wp-json\/wp\/v2\/comments?post=3022"}],"version-history":[{"count":14,"href":"https:\/\/schulerothenfluh.ch\/cms\/wp-json\/wp\/v2\/pages\/3022\/revisions"}],"predecessor-version":[{"id":4463,"href":"https:\/\/schulerothenfluh.ch\/cms\/wp-json\/wp\/v2\/pages\/3022\/revisions\/4463"}],"wp:attachment":[{"href":"https:\/\/schulerothenfluh.ch\/cms\/wp-json\/wp\/v2\/media?parent=3022"}],"curies":[{"name":"wp","href":"https:\/\/api.w.org\/{rel}","templated":true}]}}