{"id":3029,"date":"2018-02-20T08:27:47","date_gmt":"2018-02-20T07:27:47","guid":{"rendered":"http:\/\/schulerothenfluh.ch\/cms\/?page_id=3029"},"modified":"2025-09-23T13:56:21","modified_gmt":"2025-09-23T11:56:21","slug":"erweiterter-musikunterricht","status":"publish","type":"page","link":"https:\/\/schulerothenfluh.ch\/cms\/organisation\/erweiterter-musikunterricht\/","title":{"rendered":"Erweiterter Musikunterricht"},"content":{"rendered":"\t\t<div data-elementor-type=\"wp-post\" data-elementor-id=\"3029\" class=\"elementor elementor-3029\" data-elementor-post-type=\"page\">\n\t\t\t\t\t\t\t\t\t<section class=\"elementor-section elementor-top-section elementor-element elementor-element-283b01a1 elementor-section-boxed elementor-section-height-default elementor-section-height-default\" data-id=\"283b01a1\" data-element_type=\"section\" data-settings=\"{&quot;background_background&quot;:&quot;classic&quot;,&quot;shape_divider_bottom&quot;:&quot;curve&quot;,&quot;shape_divider_bottom_negative&quot;:&quot;yes&quot;}\">\n\t\t\t\t\t\t\t<div class=\"elementor-background-overlay\"><\/div>\n\t\t\t\t\t\t<div class=\"elementor-shape elementor-shape-bottom\" data-negative=\"true\">\n\t\t\t<svg xmlns=\"http:\/\/www.w3.org\/2000\/svg\" viewBox=\"0 0 1000 100\" preserveAspectRatio=\"none\">\n\t<path class=\"elementor-shape-fill\" d=\"M500,97C126.7,96.3,0.8,19.8,0,0v100l1000,0V1C1000,19.4,873.3,97.8,500,97z\"\/>\n<\/svg>\t\t<\/div>\n\t\t\t\t\t<div class=\"elementor-container elementor-column-gap-default\">\n\t\t\t\t\t<div class=\"elementor-column elementor-col-100 elementor-top-column elementor-element elementor-element-723c4df6\" data-id=\"723c4df6\" data-element_type=\"column\">\n\t\t\t<div class=\"elementor-widget-wrap elementor-element-populated\">\n\t\t\t\t\t\t\t\t<div class=\"elementor-element elementor-element-1560066b elementor-headline--style-highlight elementor-widget elementor-widget-animated-headline\" data-id=\"1560066b\" data-element_type=\"widget\" data-settings=\"{&quot;highlighted_text&quot;:&quot;musique.&quot;,&quot;headline_style&quot;:&quot;highlight&quot;,&quot;marker&quot;:&quot;circle&quot;,&quot;loop&quot;:&quot;yes&quot;,&quot;highlight_animation_duration&quot;:1200,&quot;highlight_iteration_delay&quot;:8000}\" data-widget_type=\"animated-headline.default\">\n\t\t\t\t<div class=\"elementor-widget-container\">\n\t\t\t\t\t<h1 class=\"elementor-headline\">\n\t\t\t\t\t<span class=\"elementor-headline-plain-text elementor-headline-text-wrapper\">C'est le ton qui fait la <\/span>\n\t\t\t\t<span class=\"elementor-headline-dynamic-wrapper elementor-headline-text-wrapper\">\n\t\t\t\t\t<span class=\"elementor-headline-dynamic-text elementor-headline-text-active\">musique.<\/span>\n\t\t\t\t<\/span>\n\t\t\t\t<\/h1>\n\t\t\t\t<\/div>\n\t\t\t\t<\/div>\n\t\t\t\t\t<\/div>\n\t\t<\/div>\n\t\t\t\t\t\t\t<\/div>\n\t\t<\/section>\n\t\t\t\t<section class=\"elementor-section elementor-top-section elementor-element elementor-element-5d0e71f7 elementor-section-boxed elementor-section-height-default elementor-section-height-default\" data-id=\"5d0e71f7\" data-element_type=\"section\">\n\t\t\t\t\t\t<div class=\"elementor-container elementor-column-gap-default\">\n\t\t\t\t\t<div class=\"elementor-column elementor-col-100 elementor-top-column elementor-element elementor-element-2af3b485\" data-id=\"2af3b485\" data-element_type=\"column\" data-settings=\"{&quot;background_background&quot;:&quot;classic&quot;}\">\n\t\t\t<div class=\"elementor-widget-wrap elementor-element-populated\">\n\t\t\t\t\t\t\t\t<div class=\"elementor-element elementor-element-3dea44c0 elementor-widget elementor-widget-text-editor\" data-id=\"3dea44c0\" data-element_type=\"widget\" data-widget_type=\"text-editor.default\">\n\t\t\t\t<div class=\"elementor-widget-container\">\n\t\t\t\t\t\t\t<p>Die 1.\/2. Klasse wird als Klasse mit erweitertem Musikunterricht gef\u00fchrt. Das bedeutet, dass die Musik im schulischen Unterricht st\u00e4rker gewichtet wird und f\u00e4cher\u00fcbergreifend eingesetzt wird. Die Lernziele bleiben dabei verbindlich.<\/p>\n<p>Studien belegen die vielen Vorteile des erweiterten Musikunterrichtes, wie:<\/p>\n<p><b>Sachkompetenz<\/b><br>Trotz Reduktion der Lektionenzahl in den klassischen F\u00e4chern sind keine Leistungsunterschiede zu sehen. Die gesteckten Ziele werden erreicht.<\/p>\n<p><b>Sozialkompetenz<\/b><br>Das gemeinsame Singen und Musizieren f\u00f6rdert den Klassengeist, gegenseitige R\u00fccksichtnahme, die Konzentration und vor allem das Selbstbewusstsein durch Auftritte vor Publikum.<\/p>\n<p><b>Motivation<\/b><br>Die Schule wird von den Kindern ingesamt unbeschwerter erlebt. Es entwickelt sich eine positive Einstellung zur Musik.<\/p>\t\t\t\t\t\t<\/div>\n\t\t\t\t<\/div>\n\t\t\t\t<div class=\"elementor-element elementor-element-52c0a88b elementor-widget elementor-widget-spacer\" data-id=\"52c0a88b\" data-element_type=\"widget\" data-widget_type=\"spacer.default\">\n\t\t\t\t<div class=\"elementor-widget-container\">\n\t\t\t\t\t<div class=\"elementor-spacer\">\n\t\t\t<div class=\"elementor-spacer-inner\"><\/div>\n\t\t<\/div>\n\t\t\t\t<\/div>\n\t\t\t\t<\/div>\n\t\t\t\t\t<\/div>\n\t\t<\/div>\n\t\t\t\t\t\t\t<\/div>\n\t\t<\/section>\n\t\t\t\t\t\t\t<\/div>\n\t\t","protected":false},"excerpt":{"rendered":"<p>C&#8217;est le ton qui fait la musique. Die 1.\/2. Klasse wird als Klasse mit erweitertem Musikunterricht gef\u00fchrt. Das bedeutet, dass die Musik im schulischen Unterricht st\u00e4rker gewichtet wird und f\u00e4cher\u00fcbergreifend eingesetzt wird. Die Lernziele bleiben dabei verbindlich. Studien belegen die vielen Vorteile des erweiterten Musikunterrichtes, wie: SachkompetenzTrotz Reduktion der Lektionenzahl in den klassischen F\u00e4chern sind [&hellip;]<\/p>\n","protected":false},"author":1,"featured_media":0,"parent":6022,"menu_order":0,"comment_status":"closed","ping_status":"closed","template":"","meta":{"footnotes":""},"class_list":["post-3029","page","type-page","status-publish","hentry","entry"],"_links":{"self":[{"href":"https:\/\/schulerothenfluh.ch\/cms\/wp-json\/wp\/v2\/pages\/3029","targetHints":{"allow":["GET"]}}],"collection":[{"href":"https:\/\/schulerothenfluh.ch\/cms\/wp-json\/wp\/v2\/pages"}],"about":[{"href":"https:\/\/schulerothenfluh.ch\/cms\/wp-json\/wp\/v2\/types\/page"}],"author":[{"embeddable":true,"href":"https:\/\/schulerothenfluh.ch\/cms\/wp-json\/wp\/v2\/users\/1"}],"replies":[{"embeddable":true,"href":"https:\/\/schulerothenfluh.ch\/cms\/wp-json\/wp\/v2\/comments?post=3029"}],"version-history":[{"count":10,"href":"https:\/\/schulerothenfluh.ch\/cms\/wp-json\/wp\/v2\/pages\/3029\/revisions"}],"predecessor-version":[{"id":6025,"href":"https:\/\/schulerothenfluh.ch\/cms\/wp-json\/wp\/v2\/pages\/3029\/revisions\/6025"}],"up":[{"embeddable":true,"href":"https:\/\/schulerothenfluh.ch\/cms\/wp-json\/wp\/v2\/pages\/6022"}],"wp:attachment":[{"href":"https:\/\/schulerothenfluh.ch\/cms\/wp-json\/wp\/v2\/media?parent=3029"}],"curies":[{"name":"wp","href":"https:\/\/api.w.org\/{rel}","templated":true}]}}