{"id":3435,"date":"2020-06-11T10:14:40","date_gmt":"2020-06-11T08:14:40","guid":{"rendered":"http:\/\/schulerothenfluh.ch\/cms\/?page_id=3435"},"modified":"2025-10-20T07:52:47","modified_gmt":"2025-10-20T05:52:47","slug":"stellen-jobs","status":"publish","type":"page","link":"https:\/\/schulerothenfluh.ch\/cms\/stellen-jobs\/","title":{"rendered":"Stellen\/Jobs"},"content":{"rendered":"\t\t<div data-elementor-type=\"wp-page\" data-elementor-id=\"3435\" class=\"elementor elementor-3435\" data-elementor-post-type=\"page\">\n\t\t\t\t\t\t\t\t\t<section class=\"elementor-section elementor-top-section elementor-element elementor-element-6ee89fe elementor-section-boxed elementor-section-height-default elementor-section-height-default\" data-id=\"6ee89fe\" data-element_type=\"section\" data-settings=\"{&quot;background_background&quot;:&quot;classic&quot;,&quot;shape_divider_bottom&quot;:&quot;curve&quot;,&quot;shape_divider_bottom_negative&quot;:&quot;yes&quot;}\">\n\t\t\t\t\t\t\t<div class=\"elementor-background-overlay\"><\/div>\n\t\t\t\t\t\t<div class=\"elementor-shape elementor-shape-bottom\" data-negative=\"true\">\n\t\t\t<svg xmlns=\"http:\/\/www.w3.org\/2000\/svg\" viewBox=\"0 0 1000 100\" preserveAspectRatio=\"none\">\n\t<path class=\"elementor-shape-fill\" d=\"M500,97C126.7,96.3,0.8,19.8,0,0v100l1000,0V1C1000,19.4,873.3,97.8,500,97z\"\/>\n<\/svg>\t\t<\/div>\n\t\t\t\t\t<div class=\"elementor-container elementor-column-gap-default\">\n\t\t\t\t\t<div class=\"elementor-column elementor-col-100 elementor-top-column elementor-element elementor-element-3cbae13\" data-id=\"3cbae13\" data-element_type=\"column\">\n\t\t\t<div class=\"elementor-widget-wrap elementor-element-populated\">\n\t\t\t\t\t\t\t\t<div class=\"elementor-element elementor-element-d639fb0 elementor-headline--style-highlight elementor-widget elementor-widget-animated-headline\" data-id=\"d639fb0\" data-element_type=\"widget\" data-settings=\"{&quot;highlighted_text&quot;:&quot;Stellen \\\/ Jobs&quot;,&quot;headline_style&quot;:&quot;highlight&quot;,&quot;marker&quot;:&quot;circle&quot;,&quot;loop&quot;:&quot;yes&quot;,&quot;highlight_animation_duration&quot;:1200,&quot;highlight_iteration_delay&quot;:8000}\" data-widget_type=\"animated-headline.default\">\n\t\t\t\t<div class=\"elementor-widget-container\">\n\t\t\t\t\t<h1 class=\"elementor-headline\">\n\t\t\t\t<span class=\"elementor-headline-dynamic-wrapper elementor-headline-text-wrapper\">\n\t\t\t\t\t<span class=\"elementor-headline-dynamic-text elementor-headline-text-active\">Stellen \/ Jobs<\/span>\n\t\t\t\t<\/span>\n\t\t\t\t<\/h1>\n\t\t\t\t<\/div>\n\t\t\t\t<\/div>\n\t\t\t\t<div class=\"elementor-element elementor-element-817ca0d elementor-widget elementor-widget-text-editor\" data-id=\"817ca0d\" data-element_type=\"widget\" data-widget_type=\"text-editor.default\">\n\t\t\t\t<div class=\"elementor-widget-container\">\n\t\t\t\t\t\t\t<h3 style=\"text-align: center;\"><span style=\"color: #ffffff;\">Wir freuen uns auf Sie.\u00a0<\/span><\/h3>\t\t\t\t\t\t<\/div>\n\t\t\t\t<\/div>\n\t\t\t\t\t<\/div>\n\t\t<\/div>\n\t\t\t\t\t\t\t<\/div>\n\t\t<\/section>\n\t\t\t\t<section class=\"elementor-section elementor-top-section elementor-element elementor-element-9f60762 elementor-section-boxed elementor-section-height-default elementor-section-height-default\" data-id=\"9f60762\" data-element_type=\"section\">\n\t\t\t\t\t\t<div class=\"elementor-container elementor-column-gap-default\">\n\t\t\t\t\t<div class=\"elementor-column elementor-col-100 elementor-top-column elementor-element elementor-element-428d827\" data-id=\"428d827\" data-element_type=\"column\">\n\t\t\t<div class=\"elementor-widget-wrap elementor-element-populated\">\n\t\t\t\t\t\t\t\t<div class=\"elementor-element elementor-element-649e375 elementor-widget elementor-widget-text-editor\" data-id=\"649e375\" data-element_type=\"widget\" data-widget_type=\"text-editor.default\">\n\t\t\t\t<div class=\"elementor-widget-container\">\n\t\t\t\t\t\t\t<p>Die <strong>Primarstufe Rothenfluh<\/strong> z\u00e4hlt im Kindergarten und in der Primarschule rund 70 Sch\u00fclerinnen und Sch\u00fcler in Mehrjahrgangsklassen, die von einem kleinen Lehrpersonenteam unterrichtet werden.<\/p>\t\t\t\t\t\t<\/div>\n\t\t\t\t<\/div>\n\t\t\t\t\t<\/div>\n\t\t<\/div>\n\t\t\t\t\t\t\t<\/div>\n\t\t<\/section>\n\t\t\t\t<section class=\"elementor-section elementor-top-section elementor-element elementor-element-696d4ab elementor-section-boxed elementor-section-height-default elementor-section-height-default\" data-id=\"696d4ab\" data-element_type=\"section\">\n\t\t\t\t\t\t<div class=\"elementor-container elementor-column-gap-default\">\n\t\t\t\t\t<div class=\"elementor-column elementor-col-100 elementor-top-column elementor-element elementor-element-a4e05c2\" data-id=\"a4e05c2\" data-element_type=\"column\">\n\t\t\t<div class=\"elementor-widget-wrap elementor-element-populated\">\n\t\t\t\t\t\t\t\t<div class=\"elementor-element elementor-element-5ca2a1e elementor-widget elementor-widget-text-editor\" data-id=\"5ca2a1e\" data-element_type=\"widget\" data-widget_type=\"text-editor.default\">\n\t\t\t\t<div class=\"elementor-widget-container\">\n\t\t\t\t\t\t\t<p>Zurzeit sind alle Stellen besetzt. Vielen Dank f\u00fcr Ihr Interesse.<\/p>\t\t\t\t\t\t<\/div>\n\t\t\t\t<\/div>\n\t\t\t\t\t<\/div>\n\t\t<\/div>\n\t\t\t\t\t\t\t<\/div>\n\t\t<\/section>\n\t\t\t\t\t\t\t<\/div>\n\t\t","protected":false},"excerpt":{"rendered":"<p>Stellen \/ Jobs Wir freuen uns auf Sie.\u00a0 Die Primarstufe Rothenfluh z\u00e4hlt im Kindergarten und in der Primarschule rund 70 Sch\u00fclerinnen und Sch\u00fcler in Mehrjahrgangsklassen, die von einem kleinen Lehrpersonenteam unterrichtet werden. Zurzeit sind alle Stellen besetzt. Vielen Dank f\u00fcr Ihr Interesse.<\/p>\n","protected":false},"author":1,"featured_media":0,"parent":0,"menu_order":0,"comment_status":"closed","ping_status":"closed","template":"","meta":{"footnotes":""},"class_list":["post-3435","page","type-page","status-publish","hentry","entry"],"_links":{"self":[{"href":"https:\/\/schulerothenfluh.ch\/cms\/wp-json\/wp\/v2\/pages\/3435","targetHints":{"allow":["GET"]}}],"collection":[{"href":"https:\/\/schulerothenfluh.ch\/cms\/wp-json\/wp\/v2\/pages"}],"about":[{"href":"https:\/\/schulerothenfluh.ch\/cms\/wp-json\/wp\/v2\/types\/page"}],"author":[{"embeddable":true,"href":"https:\/\/schulerothenfluh.ch\/cms\/wp-json\/wp\/v2\/users\/1"}],"replies":[{"embeddable":true,"href":"https:\/\/schulerothenfluh.ch\/cms\/wp-json\/wp\/v2\/comments?post=3435"}],"version-history":[{"count":70,"href":"https:\/\/schulerothenfluh.ch\/cms\/wp-json\/wp\/v2\/pages\/3435\/revisions"}],"predecessor-version":[{"id":6114,"href":"https:\/\/schulerothenfluh.ch\/cms\/wp-json\/wp\/v2\/pages\/3435\/revisions\/6114"}],"wp:attachment":[{"href":"https:\/\/schulerothenfluh.ch\/cms\/wp-json\/wp\/v2\/media?parent=3435"}],"curies":[{"name":"wp","href":"https:\/\/api.w.org\/{rel}","templated":true}]}}