{"id":627,"date":"2017-05-23T07:57:14","date_gmt":"2017-05-23T07:57:14","guid":{"rendered":"http:\/\/scribbler.select-themes.com\/?page_id=627"},"modified":"2025-10-20T13:28:43","modified_gmt":"2025-10-20T11:28:43","slug":"grid-home","status":"publish","type":"page","link":"https:\/\/schulerothenfluh.ch\/cms\/","title":{"rendered":"Schule Rothenfluh"},"content":{"rendered":"\t\t<div data-elementor-type=\"wp-post\" data-elementor-id=\"627\" class=\"elementor elementor-627\" data-elementor-post-type=\"page\">\n\t\t\t\t\t\t\t\t\t<section class=\"elementor-section elementor-top-section elementor-element elementor-element-735bbf55 elementor-section-boxed elementor-section-height-default elementor-section-height-default\" data-id=\"735bbf55\" data-element_type=\"section\" data-settings=\"{&quot;background_background&quot;:&quot;classic&quot;,&quot;shape_divider_bottom&quot;:&quot;curve&quot;,&quot;shape_divider_bottom_negative&quot;:&quot;yes&quot;}\">\n\t\t\t\t\t\t\t<div class=\"elementor-background-overlay\"><\/div>\n\t\t\t\t\t\t<div class=\"elementor-shape elementor-shape-bottom\" data-negative=\"true\">\n\t\t\t<svg xmlns=\"http:\/\/www.w3.org\/2000\/svg\" viewBox=\"0 0 1000 100\" preserveAspectRatio=\"none\">\n\t<path class=\"elementor-shape-fill\" d=\"M500,97C126.7,96.3,0.8,19.8,0,0v100l1000,0V1C1000,19.4,873.3,97.8,500,97z\"\/>\n<\/svg>\t\t<\/div>\n\t\t\t\t\t<div class=\"elementor-container elementor-column-gap-default\">\n\t\t\t\t\t<div class=\"elementor-column elementor-col-100 elementor-top-column elementor-element elementor-element-2edf9e40\" data-id=\"2edf9e40\" data-element_type=\"column\">\n\t\t\t<div class=\"elementor-widget-wrap elementor-element-populated\">\n\t\t\t\t\t\t\t\t<div class=\"elementor-element elementor-element-428da2f elementor-headline--style-highlight elementor-widget elementor-widget-animated-headline\" data-id=\"428da2f\" data-element_type=\"widget\" data-settings=\"{&quot;highlighted_text&quot;:&quot;Lernen&quot;,&quot;headline_style&quot;:&quot;highlight&quot;,&quot;marker&quot;:&quot;circle&quot;,&quot;loop&quot;:&quot;yes&quot;,&quot;highlight_animation_duration&quot;:1200,&quot;highlight_iteration_delay&quot;:8000}\" data-widget_type=\"animated-headline.default\">\n\t\t\t\t<div class=\"elementor-widget-container\">\n\t\t\t\t\t<h1 class=\"elementor-headline\">\n\t\t\t\t<span class=\"elementor-headline-dynamic-wrapper elementor-headline-text-wrapper\">\n\t\t\t\t\t<span class=\"elementor-headline-dynamic-text elementor-headline-text-active\">Lernen<\/span>\n\t\t\t\t<\/span>\n\t\t\t\t\t<span class=\"elementor-headline-plain-text elementor-headline-text-wrapper\">Sie unsere Schule kennen.<\/span>\n\t\t\t\t\t<\/h1>\n\t\t\t\t<\/div>\n\t\t\t\t<\/div>\n\t\t\t\t<div class=\"elementor-element elementor-element-7a77360e elementor-widget elementor-widget-text-editor\" data-id=\"7a77360e\" data-element_type=\"widget\" data-widget_type=\"text-editor.default\">\n\t\t\t\t<div class=\"elementor-widget-container\">\n\t\t\t\t\t\t\t<p><span style=\"color: #ffffff;\">Die Kinder von heute auf die Welt von morgen vorbereiten \u2013 das ist unsere Leidenschaft.\u00a0 <br \/><\/span><\/p>\t\t\t\t\t\t<\/div>\n\t\t\t\t<\/div>\n\t\t\t\t\t<\/div>\n\t\t<\/div>\n\t\t\t\t\t\t\t<\/div>\n\t\t<\/section>\n\t\t\t\t<section class=\"elementor-section elementor-top-section elementor-element elementor-element-4dcf9cb elementor-section-boxed elementor-section-height-default elementor-section-height-default\" data-id=\"4dcf9cb\" data-element_type=\"section\">\n\t\t\t\t\t\t<div class=\"elementor-container elementor-column-gap-default\">\n\t\t\t\t\t<div class=\"elementor-column elementor-col-50 elementor-top-column elementor-element elementor-element-b2239aa\" data-id=\"b2239aa\" data-element_type=\"column\" data-settings=\"{&quot;background_background&quot;:&quot;classic&quot;,&quot;background_motion_fx_motion_fx_scrolling&quot;:&quot;yes&quot;,&quot;background_motion_fx_translateY_effect&quot;:&quot;yes&quot;,&quot;background_motion_fx_translateY_speed&quot;:{&quot;unit&quot;:&quot;px&quot;,&quot;size&quot;:4,&quot;sizes&quot;:[]},&quot;background_motion_fx_translateY_affectedRange&quot;:{&quot;unit&quot;:&quot;%&quot;,&quot;size&quot;:&quot;&quot;,&quot;sizes&quot;:{&quot;start&quot;:0,&quot;end&quot;:100}},&quot;background_motion_fx_devices&quot;:[&quot;desktop&quot;,&quot;tablet&quot;,&quot;mobile&quot;]}\">\n\t\t\t<div class=\"elementor-widget-wrap elementor-element-populated\">\n\t\t\t\t\t\t\t\t<div class=\"elementor-element elementor-element-66f69b0 elementor-grid-1 elementor-posts--align-left elementor-posts__hover-none elementor-grid-tablet-2 elementor-grid-mobile-1 elementor-posts--thumbnail-top elementor-card-shadow-yes elementor-widget elementor-widget-posts\" data-id=\"66f69b0\" data-element_type=\"widget\" data-settings=\"{&quot;cards_columns&quot;:&quot;1&quot;,&quot;cards_row_gap&quot;:{&quot;unit&quot;:&quot;px&quot;,&quot;size&quot;:25,&quot;sizes&quot;:[]},&quot;pagination_type&quot;:&quot;numbers_and_prev_next&quot;,&quot;cards_columns_tablet&quot;:&quot;2&quot;,&quot;cards_columns_mobile&quot;:&quot;1&quot;,&quot;cards_row_gap_tablet&quot;:{&quot;unit&quot;:&quot;px&quot;,&quot;size&quot;:&quot;&quot;,&quot;sizes&quot;:[]},&quot;cards_row_gap_mobile&quot;:{&quot;unit&quot;:&quot;px&quot;,&quot;size&quot;:&quot;&quot;,&quot;sizes&quot;:[]}}\" data-widget_type=\"posts.cards\">\n\t\t\t\t<div class=\"elementor-widget-container\">\n\t\t\t\t\t<div class=\"elementor-posts-container elementor-posts elementor-posts--skin-cards elementor-grid\">\n\t\t\t\t<article class=\"elementor-post elementor-grid-item post-6389 post type-post status-publish format-standard hentry category-allgemein entry\">\n\t\t\t<div class=\"elementor-post__card\">\n\t\t\t\t<div class=\"elementor-post__text\">\n\t\t\t\t<h3 class=\"elementor-post__title\">\n\t\t\t<a href=\"https:\/\/schulerothenfluh.ch\/cms\/lager-3-4-klasse\/\" >\n\t\t\t\tLager  3.\/4. Klasse\t\t\t<\/a>\n\t\t<\/h3>\n\t\t\t\t<div class=\"elementor-post__excerpt\">\n\t\t\t<p>Die Sch\u00fclerinnen und Sch\u00fcler der 3.\/4.Klasse haben vom 20.-24. April ihr Klassenlager auf der Beguttenalp besucht. Umrahmt von Wald und Wiese lud das Lagerhaus an sich schon zum Verweilen ein. Auch das Wetter war den Kindern wohlgesonnen \u2013 kein W\u00f6lkchen weit und breit! Unter dem Motto \u201eDetektive\u201c erlernten die Kinder<\/p>\n\t\t<\/div>\n\t\t\n\t\t<a class=\"elementor-post__read-more\" href=\"https:\/\/schulerothenfluh.ch\/cms\/lager-3-4-klasse\/\" aria-label=\"Read more about Lager  3.\/4. Klasse\" tabindex=\"-1\" >\n\t\t\tMehr erfahren \u00bb\t\t<\/a>\n\n\t\t\t\t<\/div>\n\t\t\t\t\t<\/div>\n\t\t<\/article>\n\t\t\t\t<article class=\"elementor-post elementor-grid-item post-6363 post type-post status-publish format-standard hentry category-allgemein entry\">\n\t\t\t<div class=\"elementor-post__card\">\n\t\t\t\t<div class=\"elementor-post__text\">\n\t\t\t\t<h3 class=\"elementor-post__title\">\n\t\t\t<a href=\"https:\/\/schulerothenfluh.ch\/cms\/fasnacht\/\" >\n\t\t\t\tFasnacht\t\t\t<\/a>\n\t\t<\/h3>\n\t\t\t\t<div class=\"elementor-post__excerpt\">\n\t\t\t\t\t<\/div>\n\t\t\n\t\t<a class=\"elementor-post__read-more\" href=\"https:\/\/schulerothenfluh.ch\/cms\/fasnacht\/\" aria-label=\"Read more about Fasnacht\" tabindex=\"-1\" >\n\t\t\tMehr erfahren \u00bb\t\t<\/a>\n\n\t\t\t\t<\/div>\n\t\t\t\t\t<\/div>\n\t\t<\/article>\n\t\t\t\t<article class=\"elementor-post elementor-grid-item post-6343 post type-post status-publish format-standard hentry category-allgemein entry\">\n\t\t\t<div class=\"elementor-post__card\">\n\t\t\t\t<div class=\"elementor-post__text\">\n\t\t\t\t<h3 class=\"elementor-post__title\">\n\t\t\t<a href=\"https:\/\/schulerothenfluh.ch\/cms\/theater-ari-und-das-euphonium-1-2-klasse\/\" >\n\t\t\t\tTheater Ari und das Euphonium 1.\/2. Klasse\t\t\t<\/a>\n\t\t<\/h3>\n\t\t\t\t<div class=\"elementor-post__excerpt\">\n\t\t\t<p>Mit grossem Engagement und viel Humor pr\u00e4sentierten die Kinder der 1. und 2. Klasse ihr Theaterst\u00fcck. Die Auff\u00fchrung begeisterte mit beeindruckenden, akrobatischen Einlagen und musikalischen Darbietungen, die das Publikum von der ersten bis zur letzten Minute in ihren Bann zogen.\u00a0<\/p>\n\t\t<\/div>\n\t\t\n\t\t<a class=\"elementor-post__read-more\" href=\"https:\/\/schulerothenfluh.ch\/cms\/theater-ari-und-das-euphonium-1-2-klasse\/\" aria-label=\"Read more about Theater Ari und das Euphonium 1.\/2. Klasse\" tabindex=\"-1\" >\n\t\t\tMehr erfahren \u00bb\t\t<\/a>\n\n\t\t\t\t<\/div>\n\t\t\t\t\t<\/div>\n\t\t<\/article>\n\t\t\t\t<article class=\"elementor-post elementor-grid-item post-6314 post type-post status-publish format-standard hentry category-allgemein entry\">\n\t\t\t<div class=\"elementor-post__card\">\n\t\t\t\t<div class=\"elementor-post__text\">\n\t\t\t\t<h3 class=\"elementor-post__title\">\n\t\t\t<a href=\"https:\/\/schulerothenfluh.ch\/cms\/zirkuszelt-spendenaufruf\/\" >\n\t\t\t\tZirkuszelt &#8211; Spendenaufruf\t\t\t<\/a>\n\t\t<\/h3>\n\t\t\t\t<div class=\"elementor-post__excerpt\">\n\t\t\t\t\t<\/div>\n\t\t\n\t\t<a class=\"elementor-post__read-more\" href=\"https:\/\/schulerothenfluh.ch\/cms\/zirkuszelt-spendenaufruf\/\" aria-label=\"Read more about Zirkuszelt &#8211; Spendenaufruf\" tabindex=\"-1\" >\n\t\t\tMehr erfahren \u00bb\t\t<\/a>\n\n\t\t\t\t<\/div>\n\t\t\t\t\t<\/div>\n\t\t<\/article>\n\t\t\t\t<article class=\"elementor-post elementor-grid-item post-6307 post type-post status-publish format-standard has-post-thumbnail hentry category-allgemein entry has-media\">\n\t\t\t<div class=\"elementor-post__card\">\n\t\t\t\t<a class=\"elementor-post__thumbnail__link\" href=\"https:\/\/schulerothenfluh.ch\/cms\/einstieg-ins-neue-jahr\/\" tabindex=\"-1\" ><div class=\"elementor-post__thumbnail\"><img loading=\"lazy\" decoding=\"async\" width=\"1024\" height=\"768\" src=\"https:\/\/schulerothenfluh.ch\/cms\/wp-content\/uploads\/2026\/01\/IMG_1292-1-1024x768.jpg\" class=\"attachment-large size-large wp-image-6290\" alt=\"\" srcset=\"https:\/\/schulerothenfluh.ch\/cms\/wp-content\/uploads\/2026\/01\/IMG_1292-1-1024x768.jpg 1024w, https:\/\/schulerothenfluh.ch\/cms\/wp-content\/uploads\/2026\/01\/IMG_1292-1-300x225.jpg 300w, https:\/\/schulerothenfluh.ch\/cms\/wp-content\/uploads\/2026\/01\/IMG_1292-1-768x576.jpg 768w, https:\/\/schulerothenfluh.ch\/cms\/wp-content\/uploads\/2026\/01\/IMG_1292-1-1536x1152.jpg 1536w, https:\/\/schulerothenfluh.ch\/cms\/wp-content\/uploads\/2026\/01\/IMG_1292-1-2048x1536.jpg 2048w\" sizes=\"auto, (max-width: 1024px) 100vw, 1024px\" \/><\/div><\/a>\n\t\t\t\t<div class=\"elementor-post__badge\">Allgemein<\/div>\n\t\t\t\t<div class=\"elementor-post__text\">\n\t\t\t\t<h3 class=\"elementor-post__title\">\n\t\t\t<a href=\"https:\/\/schulerothenfluh.ch\/cms\/einstieg-ins-neue-jahr\/\" >\n\t\t\t\tEinstieg ins neue Jahr\t\t\t<\/a>\n\t\t<\/h3>\n\t\t\t\t<div class=\"elementor-post__excerpt\">\n\t\t\t\t\t<\/div>\n\t\t\n\t\t<a class=\"elementor-post__read-more\" href=\"https:\/\/schulerothenfluh.ch\/cms\/einstieg-ins-neue-jahr\/\" aria-label=\"Read more about Einstieg ins neue Jahr\" tabindex=\"-1\" >\n\t\t\tMehr erfahren \u00bb\t\t<\/a>\n\n\t\t\t\t<\/div>\n\t\t\t\t\t<\/div>\n\t\t<\/article>\n\t\t\t\t<article class=\"elementor-post elementor-grid-item post-6257 post type-post status-publish format-standard has-post-thumbnail hentry category-allgemein entry has-media\">\n\t\t\t<div class=\"elementor-post__card\">\n\t\t\t\t<a class=\"elementor-post__thumbnail__link\" href=\"https:\/\/schulerothenfluh.ch\/cms\/kerzenziehen-2025\/\" tabindex=\"-1\" ><div class=\"elementor-post__thumbnail\"><img loading=\"lazy\" decoding=\"async\" width=\"768\" height=\"1024\" src=\"https:\/\/schulerothenfluh.ch\/cms\/wp-content\/uploads\/2026\/01\/IMG_9570-768x1024.jpeg\" class=\"attachment-large size-large wp-image-6256\" alt=\"\" srcset=\"https:\/\/schulerothenfluh.ch\/cms\/wp-content\/uploads\/2026\/01\/IMG_9570-768x1024.jpeg 768w, https:\/\/schulerothenfluh.ch\/cms\/wp-content\/uploads\/2026\/01\/IMG_9570-225x300.jpeg 225w, https:\/\/schulerothenfluh.ch\/cms\/wp-content\/uploads\/2026\/01\/IMG_9570-1152x1536.jpeg 1152w, https:\/\/schulerothenfluh.ch\/cms\/wp-content\/uploads\/2026\/01\/IMG_9570-1536x2048.jpeg 1536w, https:\/\/schulerothenfluh.ch\/cms\/wp-content\/uploads\/2026\/01\/IMG_9570-scaled.jpeg 1920w\" sizes=\"auto, (max-width: 768px) 100vw, 768px\" \/><\/div><\/a>\n\t\t\t\t<div class=\"elementor-post__badge\">Allgemein<\/div>\n\t\t\t\t<div class=\"elementor-post__text\">\n\t\t\t\t<h3 class=\"elementor-post__title\">\n\t\t\t<a href=\"https:\/\/schulerothenfluh.ch\/cms\/kerzenziehen-2025\/\" >\n\t\t\t\tKerzenziehen 2025\t\t\t<\/a>\n\t\t<\/h3>\n\t\t\t\t<div class=\"elementor-post__excerpt\">\n\t\t\t\t\t<\/div>\n\t\t\n\t\t<a class=\"elementor-post__read-more\" href=\"https:\/\/schulerothenfluh.ch\/cms\/kerzenziehen-2025\/\" aria-label=\"Read more about Kerzenziehen 2025\" tabindex=\"-1\" >\n\t\t\tMehr erfahren \u00bb\t\t<\/a>\n\n\t\t\t\t<\/div>\n\t\t\t\t\t<\/div>\n\t\t<\/article>\n\t\t\t\t<article class=\"elementor-post elementor-grid-item post-6215 post type-post status-publish format-standard has-post-thumbnail hentry category-allgemein entry has-media\">\n\t\t\t<div class=\"elementor-post__card\">\n\t\t\t\t<a class=\"elementor-post__thumbnail__link\" href=\"https:\/\/schulerothenfluh.ch\/cms\/waldweihnacht-2025\/\" tabindex=\"-1\" ><div class=\"elementor-post__thumbnail\"><img loading=\"lazy\" decoding=\"async\" width=\"1024\" height=\"768\" src=\"https:\/\/schulerothenfluh.ch\/cms\/wp-content\/uploads\/2026\/01\/IMG_0978-1024x768.jpg\" class=\"attachment-large size-large wp-image-6216\" alt=\"\" srcset=\"https:\/\/schulerothenfluh.ch\/cms\/wp-content\/uploads\/2026\/01\/IMG_0978-1024x768.jpg 1024w, https:\/\/schulerothenfluh.ch\/cms\/wp-content\/uploads\/2026\/01\/IMG_0978-300x225.jpg 300w, https:\/\/schulerothenfluh.ch\/cms\/wp-content\/uploads\/2026\/01\/IMG_0978-768x576.jpg 768w, https:\/\/schulerothenfluh.ch\/cms\/wp-content\/uploads\/2026\/01\/IMG_0978-1536x1152.jpg 1536w, https:\/\/schulerothenfluh.ch\/cms\/wp-content\/uploads\/2026\/01\/IMG_0978-2048x1536.jpg 2048w\" sizes=\"auto, (max-width: 1024px) 100vw, 1024px\" \/><\/div><\/a>\n\t\t\t\t<div class=\"elementor-post__badge\">Allgemein<\/div>\n\t\t\t\t<div class=\"elementor-post__text\">\n\t\t\t\t<h3 class=\"elementor-post__title\">\n\t\t\t<a href=\"https:\/\/schulerothenfluh.ch\/cms\/waldweihnacht-2025\/\" >\n\t\t\t\tWaldweihnacht 2025\t\t\t<\/a>\n\t\t<\/h3>\n\t\t\t\t<div class=\"elementor-post__excerpt\">\n\t\t\t\t\t<\/div>\n\t\t\n\t\t<a class=\"elementor-post__read-more\" href=\"https:\/\/schulerothenfluh.ch\/cms\/waldweihnacht-2025\/\" aria-label=\"Read more about Waldweihnacht 2025\" tabindex=\"-1\" >\n\t\t\tMehr erfahren \u00bb\t\t<\/a>\n\n\t\t\t\t<\/div>\n\t\t\t\t\t<\/div>\n\t\t<\/article>\n\t\t\t\t<article class=\"elementor-post elementor-grid-item post-6180 post type-post status-publish format-standard has-post-thumbnail hentry category-1-2-klasse entry has-media\">\n\t\t\t<div class=\"elementor-post__card\">\n\t\t\t\t<a class=\"elementor-post__thumbnail__link\" href=\"https:\/\/schulerothenfluh.ch\/cms\/igelstation\/\" tabindex=\"-1\" ><div class=\"elementor-post__thumbnail\"><img loading=\"lazy\" decoding=\"async\" width=\"461\" height=\"354\" src=\"https:\/\/schulerothenfluh.ch\/cms\/wp-content\/uploads\/2025\/12\/IMG_8574.jpg\" class=\"attachment-large size-large wp-image-6181\" alt=\"\" srcset=\"https:\/\/schulerothenfluh.ch\/cms\/wp-content\/uploads\/2025\/12\/IMG_8574.jpg 461w, https:\/\/schulerothenfluh.ch\/cms\/wp-content\/uploads\/2025\/12\/IMG_8574-300x230.jpg 300w\" sizes=\"auto, (max-width: 461px) 100vw, 461px\" \/><\/div><\/a>\n\t\t\t\t<div class=\"elementor-post__badge\">1. + 2. Klasse<\/div>\n\t\t\t\t<div class=\"elementor-post__text\">\n\t\t\t\t<h3 class=\"elementor-post__title\">\n\t\t\t<a href=\"https:\/\/schulerothenfluh.ch\/cms\/igelstation\/\" >\n\t\t\t\tIgelstation\t\t\t<\/a>\n\t\t<\/h3>\n\t\t\t\t<div class=\"elementor-post__excerpt\">\n\t\t\t<p>Am 17. November 2025 konnten die Kinder der 1. und 2. Klasse die Igelstation in Tenniken besuchen.<\/p>\n\t\t<\/div>\n\t\t\n\t\t<a class=\"elementor-post__read-more\" href=\"https:\/\/schulerothenfluh.ch\/cms\/igelstation\/\" aria-label=\"Read more about Igelstation\" tabindex=\"-1\" >\n\t\t\tMehr erfahren \u00bb\t\t<\/a>\n\n\t\t\t\t<\/div>\n\t\t\t\t\t<\/div>\n\t\t<\/article>\n\t\t\t\t<article class=\"elementor-post elementor-grid-item post-6170 post type-post status-publish format-standard has-post-thumbnail hentry category-allgemein entry has-media\">\n\t\t\t<div class=\"elementor-post__card\">\n\t\t\t\t<a class=\"elementor-post__thumbnail__link\" href=\"https:\/\/schulerothenfluh.ch\/cms\/clown-moyzo\/\" tabindex=\"-1\" ><div class=\"elementor-post__thumbnail\"><img loading=\"lazy\" decoding=\"async\" width=\"640\" height=\"480\" src=\"https:\/\/schulerothenfluh.ch\/cms\/wp-content\/uploads\/2025\/11\/image-20251105-134014-058-0.jpeg\" class=\"attachment-large size-large wp-image-6142\" alt=\"\" srcset=\"https:\/\/schulerothenfluh.ch\/cms\/wp-content\/uploads\/2025\/11\/image-20251105-134014-058-0.jpeg 640w, https:\/\/schulerothenfluh.ch\/cms\/wp-content\/uploads\/2025\/11\/image-20251105-134014-058-0-300x225.jpeg 300w\" sizes=\"auto, (max-width: 640px) 100vw, 640px\" \/><\/div><\/a>\n\t\t\t\t<div class=\"elementor-post__badge\">Allgemein<\/div>\n\t\t\t\t<div class=\"elementor-post__text\">\n\t\t\t\t<h3 class=\"elementor-post__title\">\n\t\t\t<a href=\"https:\/\/schulerothenfluh.ch\/cms\/clown-moyzo\/\" >\n\t\t\t\tClown Moyzo\t\t\t<\/a>\n\t\t<\/h3>\n\t\t\t\t<div class=\"elementor-post__excerpt\">\n\t\t\t<p>Am 5. November sorgte Clown Moyzo mit seinem Besuch an unserer Schule f\u00fcr eine fr\u00f6hliche \u00dcberraschung. Mit seinen witzigen Einlagen und charmanten Sp\u00e4ssen brachte er alle zum Lachen, sodass wir, passend zu unserem Jahresthema \u00abManege frei\u00bb, alle in die bunte Welt des Zirkus eitauchen konnten.<\/p>\n\t\t<\/div>\n\t\t\n\t\t<a class=\"elementor-post__read-more\" href=\"https:\/\/schulerothenfluh.ch\/cms\/clown-moyzo\/\" aria-label=\"Read more about Clown Moyzo\" tabindex=\"-1\" >\n\t\t\tMehr erfahren \u00bb\t\t<\/a>\n\n\t\t\t\t<\/div>\n\t\t\t\t\t<\/div>\n\t\t<\/article>\n\t\t\t\t<article class=\"elementor-post elementor-grid-item post-6162 post type-post status-publish format-standard has-post-thumbnail hentry category-allgemein entry has-media\">\n\t\t\t<div class=\"elementor-post__card\">\n\t\t\t\t<a class=\"elementor-post__thumbnail__link\" href=\"https:\/\/schulerothenfluh.ch\/cms\/sternwanderung-2025\/\" tabindex=\"-1\" ><div class=\"elementor-post__thumbnail\"><img loading=\"lazy\" decoding=\"async\" width=\"1024\" height=\"768\" src=\"https:\/\/schulerothenfluh.ch\/cms\/wp-content\/uploads\/2025\/11\/IMG_8471-6-1024x768.jpg\" class=\"attachment-large size-large wp-image-6149\" alt=\"\" srcset=\"https:\/\/schulerothenfluh.ch\/cms\/wp-content\/uploads\/2025\/11\/IMG_8471-6-1024x768.jpg 1024w, https:\/\/schulerothenfluh.ch\/cms\/wp-content\/uploads\/2025\/11\/IMG_8471-6-300x225.jpg 300w, https:\/\/schulerothenfluh.ch\/cms\/wp-content\/uploads\/2025\/11\/IMG_8471-6-768x576.jpg 768w, https:\/\/schulerothenfluh.ch\/cms\/wp-content\/uploads\/2025\/11\/IMG_8471-6-1536x1152.jpg 1536w, https:\/\/schulerothenfluh.ch\/cms\/wp-content\/uploads\/2025\/11\/IMG_8471-6-2048x1536.jpg 2048w\" sizes=\"auto, (max-width: 1024px) 100vw, 1024px\" \/><\/div><\/a>\n\t\t\t\t<div class=\"elementor-post__badge\">Allgemein<\/div>\n\t\t\t\t<div class=\"elementor-post__text\">\n\t\t\t\t<h3 class=\"elementor-post__title\">\n\t\t\t<a href=\"https:\/\/schulerothenfluh.ch\/cms\/sternwanderung-2025\/\" >\n\t\t\t\tSternwanderung 2025\t\t\t<\/a>\n\t\t<\/h3>\n\t\t\t\t<div class=\"elementor-post__excerpt\">\n\t\t\t\t\t<\/div>\n\t\t\n\t\t<a class=\"elementor-post__read-more\" href=\"https:\/\/schulerothenfluh.ch\/cms\/sternwanderung-2025\/\" aria-label=\"Read more about Sternwanderung 2025\" tabindex=\"-1\" >\n\t\t\tMehr erfahren \u00bb\t\t<\/a>\n\n\t\t\t\t<\/div>\n\t\t\t\t\t<\/div>\n\t\t<\/article>\n\t\t\t\t<\/div>\n\t\t\n\t\t\t\t<div class=\"e-load-more-anchor\" data-page=\"1\" data-max-page=\"10\" data-next-page=\"https:\/\/schulerothenfluh.ch\/cms\/wp-json\/wp\/v2\/pages\/627\/page\/2\/\"><\/div>\n\t\t\t\t<nav class=\"elementor-pagination\" aria-label=\"Pagination\">\n\t\t\t<span class=\"page-numbers prev\">&laquo; Weiter<\/span>\n<span aria-current=\"page\" class=\"page-numbers current\"><span class=\"elementor-screen-only\">Page<\/span>1<\/span>\n<a class=\"page-numbers\" href=\"https:\/\/schulerothenfluh.ch\/cms\/wp-json\/wp\/v2\/pages\/627\/page\/2\/\"><span class=\"elementor-screen-only\">Page<\/span>2<\/a>\n<a class=\"page-numbers\" href=\"https:\/\/schulerothenfluh.ch\/cms\/wp-json\/wp\/v2\/pages\/627\/page\/3\/\"><span class=\"elementor-screen-only\">Page<\/span>3<\/a>\n<a class=\"page-numbers\" href=\"https:\/\/schulerothenfluh.ch\/cms\/wp-json\/wp\/v2\/pages\/627\/page\/4\/\"><span class=\"elementor-screen-only\">Page<\/span>4<\/a>\n<a class=\"page-numbers\" href=\"https:\/\/schulerothenfluh.ch\/cms\/wp-json\/wp\/v2\/pages\/627\/page\/5\/\"><span class=\"elementor-screen-only\">Page<\/span>5<\/a>\n<a class=\"page-numbers\" href=\"https:\/\/schulerothenfluh.ch\/cms\/wp-json\/wp\/v2\/pages\/627\/page\/6\/\"><span class=\"elementor-screen-only\">Page<\/span>6<\/a>\n<a class=\"page-numbers\" href=\"https:\/\/schulerothenfluh.ch\/cms\/wp-json\/wp\/v2\/pages\/627\/page\/7\/\"><span class=\"elementor-screen-only\">Page<\/span>7<\/a>\n<a class=\"page-numbers\" href=\"https:\/\/schulerothenfluh.ch\/cms\/wp-json\/wp\/v2\/pages\/627\/page\/8\/\"><span class=\"elementor-screen-only\">Page<\/span>8<\/a>\n<a class=\"page-numbers\" href=\"https:\/\/schulerothenfluh.ch\/cms\/wp-json\/wp\/v2\/pages\/627\/page\/9\/\"><span class=\"elementor-screen-only\">Page<\/span>9<\/a>\n<a class=\"page-numbers\" href=\"https:\/\/schulerothenfluh.ch\/cms\/wp-json\/wp\/v2\/pages\/627\/page\/10\/\"><span class=\"elementor-screen-only\">Page<\/span>10<\/a>\n<a class=\"page-numbers next\" href=\"https:\/\/schulerothenfluh.ch\/cms\/wp-json\/wp\/v2\/pages\/627\/page\/2\/\">Zur\u00fcck &raquo;<\/a>\t\t<\/nav>\n\t\t\t\t<\/div>\n\t\t\t\t<\/div>\n\t\t\t\t\t<\/div>\n\t\t<\/div>\n\t\t\t\t<div class=\"elementor-column elementor-col-50 elementor-top-column elementor-element elementor-element-a65f14b\" data-id=\"a65f14b\" data-element_type=\"column\">\n\t\t\t<div class=\"elementor-widget-wrap elementor-element-populated\">\n\t\t\t\t\t\t\t\t<div class=\"elementor-element elementor-element-9ccd327 elementor-widget elementor-widget-sidebar\" data-id=\"9ccd327\" data-element_type=\"widget\" data-widget_type=\"sidebar.default\">\n\t\t\t\t<div class=\"elementor-widget-container\">\n\t\t\t<div id=\"vsel_widget-2\" class=\"sidebar-box vsel-widget clr\"><h4 class=\"widget-title\">Immer etwas los. <\/h4><div id=\"vsel\" class=\"vsel-widget vsel-widget-upcoming-events\"><div id=\"event-6358\" class=\"vsel-content vsel-upcoming vsel-future\"><div class=\"vsel-meta vsel-alignleft\" style=\"width:100%; box-sizing:border-box;\"><h3 class=\"vsel-meta-title\">Zirkus &#8211; Projektwoche<\/h3><div class=\"vsel-meta-date vsel-meta-start-date\">Start: <span>18. Mai 2026<\/span><\/div><div class=\"vsel-meta-date vsel-meta-end-date\">Ende: <span>22. Mai 2026<\/span><\/div><div class=\"vsel-meta-time\">Zeit: <span>8:00 - 15:30<\/span><\/div><\/div><div class=\"vsel-info-block vsel-alignleft\" style=\"width:100%; box-sizing:border-box;\"><div class=\"vsel-info\"><\/div><\/div><\/div><div id=\"event-6360\" class=\"vsel-content vsel-upcoming vsel-future\"><div class=\"vsel-meta vsel-alignleft\" style=\"width:100%; box-sizing:border-box;\"><h3 class=\"vsel-meta-title\">Zirkus &#8211; Auff\u00fchrung<\/h3><div class=\"vsel-meta-date vsel-meta-single-date\">Datum: <span>22. Mai 2026<\/span><\/div><div class=\"vsel-meta-time\">Zeit: <span>0:00 - 0:00<\/span><\/div><\/div><div class=\"vsel-info-block vsel-alignleft\" style=\"width:100%; box-sizing:border-box;\"><div class=\"vsel-info\"><\/div><\/div><\/div><div id=\"event-5864\" class=\"vsel-content vsel-upcoming vsel-future\"><div class=\"vsel-meta vsel-alignleft\" style=\"width:100%; box-sizing:border-box;\"><h3 class=\"vsel-meta-title\">Sporttag<\/h3><div class=\"vsel-meta-date vsel-meta-single-date\">Datum: <span>16. Juni 2026<\/span><\/div><div class=\"vsel-meta-time vsel-meta-all-day\">&nbsp;<\/div><\/div><div class=\"vsel-info-block vsel-alignleft\" style=\"width:100%; box-sizing:border-box;\"><div class=\"vsel-info\"><\/div><\/div><\/div><div id=\"event-5867\" class=\"vsel-content vsel-upcoming vsel-future\"><div class=\"vsel-meta vsel-alignleft\" style=\"width:100%; box-sizing:border-box;\"><h3 class=\"vsel-meta-title\">Schulschluss<\/h3><div class=\"vsel-meta-date vsel-meta-single-date\">Datum: <span>26. Juni 2026<\/span><\/div><div class=\"vsel-meta-time\">Zeit: <span>0:00 - 0:00<\/span><\/div><\/div><div class=\"vsel-info-block vsel-alignleft\" style=\"width:100%; box-sizing:border-box;\"><div class=\"vsel-info\"><\/div><\/div><\/div><\/div><\/div>\t\t<\/div>\n\t\t\t\t<\/div>\n\t\t\t\t\t<\/div>\n\t\t<\/div>\n\t\t\t\t\t\t\t<\/div>\n\t\t<\/section>\n\t\t\t\t<section class=\"elementor-section elementor-top-section elementor-element elementor-element-bb55d39 elementor-section-boxed elementor-section-height-default elementor-section-height-default\" data-id=\"bb55d39\" data-element_type=\"section\">\n\t\t\t\t\t\t<div class=\"elementor-container elementor-column-gap-default\">\n\t\t\t\t\t<div class=\"elementor-column elementor-col-100 elementor-top-column elementor-element elementor-element-fe2bbf8\" data-id=\"fe2bbf8\" data-element_type=\"column\">\n\t\t\t<div class=\"elementor-widget-wrap elementor-element-populated\">\n\t\t\t\t\t\t\t\t<div class=\"elementor-element elementor-element-c4fcef6 elementor-widget elementor-widget-spacer\" data-id=\"c4fcef6\" data-element_type=\"widget\" data-widget_type=\"spacer.default\">\n\t\t\t\t<div class=\"elementor-widget-container\">\n\t\t\t\t\t<div class=\"elementor-spacer\">\n\t\t\t<div class=\"elementor-spacer-inner\"><\/div>\n\t\t<\/div>\n\t\t\t\t<\/div>\n\t\t\t\t<\/div>\n\t\t\t\t\t<\/div>\n\t\t<\/div>\n\t\t\t\t\t\t\t<\/div>\n\t\t<\/section>\n\t\t\t\t\t\t\t<\/div>\n\t\t","protected":false},"excerpt":{"rendered":"<p>Lernen Sie unsere Schule kennen. Die Kinder von heute auf die Welt von morgen vorbereiten \u2013 das ist unsere Leidenschaft.\u00a0<\/p>\n","protected":false},"author":1,"featured_media":0,"parent":0,"menu_order":0,"comment_status":"closed","ping_status":"closed","template":"","meta":{"footnotes":""},"class_list":["post-627","page","type-page","status-publish","hentry","entry"],"_links":{"self":[{"href":"https:\/\/schulerothenfluh.ch\/cms\/wp-json\/wp\/v2\/pages\/627","targetHints":{"allow":["GET"]}}],"collection":[{"href":"https:\/\/schulerothenfluh.ch\/cms\/wp-json\/wp\/v2\/pages"}],"about":[{"href":"https:\/\/schulerothenfluh.ch\/cms\/wp-json\/wp\/v2\/types\/page"}],"author":[{"embeddable":true,"href":"https:\/\/schulerothenfluh.ch\/cms\/wp-json\/wp\/v2\/users\/1"}],"replies":[{"embeddable":true,"href":"https:\/\/schulerothenfluh.ch\/cms\/wp-json\/wp\/v2\/comments?post=627"}],"version-history":[{"count":96,"href":"https:\/\/schulerothenfluh.ch\/cms\/wp-json\/wp\/v2\/pages\/627\/revisions"}],"predecessor-version":[{"id":6134,"href":"https:\/\/schulerothenfluh.ch\/cms\/wp-json\/wp\/v2\/pages\/627\/revisions\/6134"}],"wp:attachment":[{"href":"https:\/\/schulerothenfluh.ch\/cms\/wp-json\/wp\/v2\/media?parent=627"}],"curies":[{"name":"wp","href":"https:\/\/api.w.org\/{rel}","templated":true}]}}